{"id":9945,"date":"2023-11-09T15:14:42","date_gmt":"2023-11-09T20:14:42","guid":{"rendered":"https:\/\/aseq-ehaq.ca\/?page_id=9945"},"modified":"2023-11-09T15:16:41","modified_gmt":"2023-11-09T20:16:41","slug":"partners","status":"publish","type":"page","link":"https:\/\/aseq-ehaq.ca\/en\/partners\/","title":{"rendered":"Partners"},"content":{"rendered":"\n<table cellpadding=\"7\" cellspacing=\"0\" width=\"624\">\n<col width=\"232\"> <col width=\"362\"> <tbody>\n<tr valign=\"top\">\n<td>\n<img loading=\"lazy\" decoding=\"async\" src=\"https:\/\/aseq-ehaq.ca\/wp-content\/uploads\/2023\/11\/l1.webp\" \nalign=\"bottom\" border=\"0\" height=\"61\" width=\"151\">\n<\/td>\n<td>\nARCH Disability Law Centre\n<\/td>\n<\/tr>\n<tr valign=\"top\">\n<td>\n<img loading=\"lazy\" decoding=\"async\" src=\"https:\/\/aseq-ehaq.ca\/wp-content\/uploads\/2023\/11\/l2.webp\"\nalign=\"bottom\" border=\"0\" height=\"88\" width=\"150\">\n<\/td>\n<td>\nNB Lung\n<\/td>\n<\/tr>\n<tr valign=\"top\">\n<td>\n<img loading=\"lazy\" decoding=\"async\" src=\"https:\/\/aseq-ehaq.ca\/wp-content\/uploads\/2023\/11\/l3.webp\"\nalign=\"bottom\" border=\"0\" height=\"68\" width=\"172\">\n<\/td>\n<td>\nCanadian Network for Human Health and the Environment (CNHHE)\n<\/td>\n<\/tr>\n<tr valign=\"top\">\n<td>\n<img loading=\"lazy\" decoding=\"async\" src=\"https:\/\/aseq-ehaq.ca\/wp-content\/uploads\/2023\/11\/l4.webp\"\nalign=\"bottom\" border=\"0\" height=\"78\" width=\"167\">\n<\/td>\n<td>\nCouncil of Canadians with Disabilities (CCD)\n<\/td>\n<\/tr>\n<tr valign=\"top\">\n<td>\n<img loading=\"lazy\" decoding=\"async\" src=\"https:\/\/aseq-ehaq.ca\/wp-content\/uploads\/2023\/11\/l5.webp\"\nalign=\"bottom\" border=\"0\" height=\"77\" width=\"210\">\n<\/td>\n<td>Spinal Cord Injury Canada\n<\/td>\n<\/tr>\n<tr valign=\"top\">\n<td> <img loading=\"lazy\" decoding=\"async\" src=\"https:\/\/aseq-ehaq.ca\/wp-content\/uploads\/2023\/11\/l6.webp\"\nalign=\"bottom\" border=\"0\" height=\"46\" width=\"215\">\n<\/td>\n<td>\nLa Conf\u00e9d\u00e9ration des organismes de\npersonnes handicap\u00e9es du Qu\u00e9bec (COPHAN)\n<\/td>\n<\/tr>\n<tr valign=\"top\">\n<td>\n<img loading=\"lazy\" decoding=\"async\" src=\"https:\/\/aseq-ehaq.ca\/wp-content\/uploads\/2023\/11\/l7.webp\"\nalign=\"bottom\" border=\"0\" height=\"51\" width=\"217\">\n<\/td>\n<td>\nIndigenous Disability Canada \/British Columbia\nAboriginal Network on Disability Society (BCANDS)\n<\/td>\n<\/tr>\n<tr valign=\"top\">\n<td>\n<a\nhref=\"https:\/\/healthsciences.ontariotechu.ca\/people\/faculty\/caroline-barakat.php\">Caroline Barakat | Faculty of Health Sciences\n(ontariotechu.ca)<\/a>\n<\/td>\n<td>\nCaroline\nBarkat, PhD\n<\/td>\n<\/tr>\n<tr valign=\"top\">\n<td>\n<a\nhref=\"https:\/\/johnmolot.com\/about\/\">About |\nJohn Molot<\/a>\n<\/td>\n<td>John Molot, MD\n<\/td>\n<\/tr>\n<tr valign=\"top\">\n<td>\n<a\nhref=\"https:\/\/enviromedclinic.com\/dr-riina-bray-md\/\">Dr. Riina Bray, MD \u2013 EnviroMed Clinic<\/a>\n<\/td>\n<td>\nRina Bray, MD\n<\/td>\n<\/tr>\n<\/tbody>\n<\/table>\n","protected":false},"excerpt":{"rendered":"<p>ARCH Disability Law Centre NB Lung Canadian Network for Human Health and the Environment (CNHHE) Council of Canadians with Disabilities (CCD) Spinal Cord Injury Canada La Conf\u00e9d\u00e9ration des organismes de personnes handicap\u00e9es du Qu\u00e9bec (COPHAN) Indigenous Disability Canada \/British Columbia Aboriginal Network on Disability Society (BCANDS) Caroline Barakat | Faculty of Health Sciences (ontariotechu.ca) Caroline Barkat, PhD About | John [&hellip;]<\/p>\n","protected":false},"author":15,"featured_media":0,"parent":0,"menu_order":0,"comment_status":"closed","ping_status":"closed","template":"","meta":{"footnotes":""},"class_list":["post-9945","page","type-page","status-publish","hentry"],"_links":{"self":[{"href":"https:\/\/aseq-ehaq.ca\/en\/wp-json\/wp\/v2\/pages\/9945","targetHints":{"allow":["GET"]}}],"collection":[{"href":"https:\/\/aseq-ehaq.ca\/en\/wp-json\/wp\/v2\/pages"}],"about":[{"href":"https:\/\/aseq-ehaq.ca\/en\/wp-json\/wp\/v2\/types\/page"}],"author":[{"embeddable":true,"href":"https:\/\/aseq-ehaq.ca\/en\/wp-json\/wp\/v2\/users\/15"}],"replies":[{"embeddable":true,"href":"https:\/\/aseq-ehaq.ca\/en\/wp-json\/wp\/v2\/comments?post=9945"}],"version-history":[{"count":0,"href":"https:\/\/aseq-ehaq.ca\/en\/wp-json\/wp\/v2\/pages\/9945\/revisions"}],"wp:attachment":[{"href":"https:\/\/aseq-ehaq.ca\/en\/wp-json\/wp\/v2\/media?parent=9945"}],"curies":[{"name":"wp","href":"https:\/\/api.w.org\/{rel}","templated":true}]}}