{"id":7667,"date":"2023-02-10T17:34:13","date_gmt":"2023-02-10T22:34:13","guid":{"rendered":"https:\/\/aseq-ehaq.ca\/?page_id=7667"},"modified":"2023-04-22T15:02:38","modified_gmt":"2023-04-22T19:02:38","slug":"webinar-improving-indoor-air-quality","status":"publish","type":"page","link":"https:\/\/aseq-ehaq.ca\/en\/webinar-improving-indoor-air-quality\/","title":{"rendered":"Webinar \u2014 Improving Indoor Air Quality"},"content":{"rendered":"\n<p><strong>WEBINAR<\/strong> \u2014 March 23, 2023, from 1 to 4 pm<\/p>\n\n\n\n<p><strong>IMPROVING INDOOR AIR QUALITY: WITH INNOVATIVE SOLUTIONS AND LOW EMISSION CONSTRUCTION MATERIALS<\/strong><\/p>\n\n\n\n<figure class=\"wp-block-table\"><table><tbody><tr><td><\/td><\/tr><\/tbody><\/table><\/figure>\n\n\n\n<p><strong>IN COLLABORATION WITH<\/strong><\/p>\n\n\n<div class=\"wp-block-image\">\n<figure class=\"alignleft size-full is-resized\"><img loading=\"lazy\" decoding=\"async\" src=\"https:\/\/aseq-ehaq.ca\/wp-content\/uploads\/2023\/02\/image-2.png\" alt=\"\" class=\"wp-image-7717\" width=\"468\" height=\"99\" srcset=\"https:\/\/aseq-ehaq.ca\/wp-content\/uploads\/2023\/02\/image-2.png 936w, https:\/\/aseq-ehaq.ca\/wp-content\/uploads\/2023\/02\/image-2-300x63.png 300w, https:\/\/aseq-ehaq.ca\/wp-content\/uploads\/2023\/02\/image-2-768x162.png 768w\" sizes=\"auto, (max-width: 468px) 100vw, 468px\" \/><\/figure>\n<\/div>\n\n\n<h2 class=\"wp-block-heading has-white-color has-text-color\">.<\/h2>\n\n\n\n<p><\/p>\n\n\n\n<h6 class=\"wp-block-heading has-white-color has-text-color\">.<\/h6>\n\n\n\n<figure class=\"wp-block-table\"><table><tbody><tr><td><\/td><\/tr><\/tbody><\/table><\/figure>\n\n\n\n<p><strong>Survey for participants who had attended the event:&nbsp;<a href=\"https:\/\/forms.gle\/CMpQVDcUNcJEsdmN9\" target=\"_blank\" rel=\"noreferrer noopener\">https:\/\/forms.gle\/CMpQVDcUNcJEsdmN9<\/a><\/strong><\/p>\n\n\n\n<p><strong>Survey for participants who could not attend the event:&nbsp;<a href=\"https:\/\/forms.gle\/r8E6A6jmFoi7nnmJA\" target=\"_blank\" rel=\"noreferrer noopener\">https:\/\/forms.gle\/r8E6A6jmFoi7nnmJA<\/a><\/strong><\/p>\n\n\n\n<p><\/p>\n\n\n\n<figure class=\"wp-block-table\"><table><tbody><tr><td><\/td><\/tr><\/tbody><\/table><\/figure>\n\n\n\n<p>The Environmental Health Association of Qu\u00e9bec (ASEQ-EHAQ) is pleased to share with you the videos from our recent webinar titled &#8220;Improving Indoor Air Quality: With Innovative Solutions and Low Emission Construction Materials&#8221;.<\/p>\n\n\n\n<p>This webinar was organized by ASEQ-EHAQ in collaboration with La Soci\u00e9t\u00e9 d&#8217;habitation du Qu\u00e9bec and Qu\u00e9bec BVI.<\/p>\n\n\n\n<p>You can watch the entire event in the language it was presented in, or watch individual videos in English, or with English translation. Please note that each speaker&#8217;s video is available with original audio &amp; interpreted audio, in English and French.<\/p>\n\n\n\n<p><strong>Entire Video &#8211; March 23, 2023, event<\/strong><\/p>\n\n\n\n<div class=\"wp-block-columns is-layout-flex wp-container-core-columns-is-layout-9d6595d7 wp-block-columns-is-layout-flex\">\n<div class=\"wp-block-column is-layout-flow wp-block-column-is-layout-flow\">\n<p>Entire video &#8211; March 23, 2023, event: Improving Indoor Air Quality: With Innovative Solutions and Low Emission Construction Materials<\/p>\n<\/div>\n\n\n\n<div class=\"wp-block-column is-layout-flow wp-block-column-is-layout-flow\">\n<figure class=\"wp-block-embed is-type-video is-provider-youtube wp-block-embed-youtube wp-embed-aspect-16-9 wp-has-aspect-ratio\"><div class=\"wp-block-embed__wrapper\">\n<iframe loading=\"lazy\" title=\"\ud83c\udf31 Am\u00e9liorer la qualit\u00e9 de l&#039;air int\u00e9rieur, Webinaire \/ Improving Indoor Air Quality, Webinar \ud83d\udca1\" width=\"640\" height=\"360\" src=\"https:\/\/www.youtube.com\/embed\/eBeT7LlxPZo?feature=oembed\" frameborder=\"0\" allow=\"accelerometer; autoplay; clipboard-write; encrypted-media; gyroscope; picture-in-picture; web-share\" referrerpolicy=\"strict-origin-when-cross-origin\" allowfullscreen><\/iframe>\n<\/div><\/figure>\n<\/div>\n<\/div>\n\n\n\n<p><strong>Speakers &#8211; March 23, 2023, event<\/strong><\/p>\n\n\n\n<p>The following videos are in English, or with English audio translation.<\/p>\n\n\n\n<div class=\"wp-block-columns is-layout-flex wp-container-core-columns-is-layout-9d6595d7 wp-block-columns-is-layout-flex\">\n<div class=\"wp-block-column is-vertically-aligned-bottom is-layout-flow wp-block-column-is-layout-flow\">\n<p>Andr\u00e9 Bourassa, Retired Architect<\/p>\n\n\n\n<figure class=\"wp-block-embed is-type-video is-provider-youtube wp-block-embed-youtube wp-embed-aspect-16-9 wp-has-aspect-ratio\"><div class=\"wp-block-embed__wrapper\">\n<iframe loading=\"lazy\" title=\"The New National Architecture Policy, Indoor Air Quality: Andr\u00e9 Bourassa, Retired Architect \ud83c\udfdb\ufe0f\" width=\"640\" height=\"360\" src=\"https:\/\/www.youtube.com\/embed\/q6YffzlHuVY?feature=oembed\" frameborder=\"0\" allow=\"accelerometer; autoplay; clipboard-write; encrypted-media; gyroscope; picture-in-picture; web-share\" referrerpolicy=\"strict-origin-when-cross-origin\" allowfullscreen><\/iframe>\n<\/div><\/figure>\n<\/div>\n\n\n\n<div class=\"wp-block-column is-layout-flow wp-block-column-is-layout-flow\">\n<p>John Molot, Physician<\/p>\n\n\n\n<figure class=\"wp-block-embed is-type-video is-provider-youtube wp-block-embed-youtube wp-embed-aspect-16-9 wp-has-aspect-ratio\"><div class=\"wp-block-embed__wrapper\">\n<iframe loading=\"lazy\" title=\"Indoor Air, Chronic Conditions &amp; Multiple Chemical Sensitivities: John Molot, Physician\ud83c\udf31\" width=\"640\" height=\"360\" src=\"https:\/\/www.youtube.com\/embed\/5CjLcLwhd8M?feature=oembed\" frameborder=\"0\" allow=\"accelerometer; autoplay; clipboard-write; encrypted-media; gyroscope; picture-in-picture; web-share\" referrerpolicy=\"strict-origin-when-cross-origin\" allowfullscreen><\/iframe>\n<\/div><\/figure>\n<\/div>\n<\/div>\n\n\n\n<div class=\"wp-block-columns is-layout-flex wp-container-core-columns-is-layout-9d6595d7 wp-block-columns-is-layout-flex\">\n<div class=\"wp-block-column is-vertically-aligned-bottom is-layout-flow wp-block-column-is-layout-flow\">\n<p>Raefer Wallis, Architect &amp; Founder of GIGA <\/p>\n\n\n\n<figure class=\"wp-block-embed is-type-video is-provider-youtube wp-block-embed-youtube wp-embed-aspect-16-9 wp-has-aspect-ratio\"><div class=\"wp-block-embed__wrapper\">\n<iframe loading=\"lazy\" title=\"\ud83c\udf31 Choosing healthier construction products for better air quality: Raefer Wallis, Architect \ud83c\udfe2\" width=\"640\" height=\"360\" src=\"https:\/\/www.youtube.com\/embed\/pvSxJDBQtps?feature=oembed\" frameborder=\"0\" allow=\"accelerometer; autoplay; clipboard-write; encrypted-media; gyroscope; picture-in-picture; web-share\" referrerpolicy=\"strict-origin-when-cross-origin\" allowfullscreen><\/iframe>\n<\/div><\/figure>\n<\/div>\n\n\n\n<div class=\"wp-block-column is-layout-flow wp-block-column-is-layout-flow\">\n<p>Michel Gaudet, ASEQ-EHAQ Vice-president &amp; Executive Director <\/p>\n\n\n\n<figure class=\"wp-block-embed is-type-video is-provider-youtube wp-block-embed-youtube wp-embed-aspect-16-9 wp-has-aspect-ratio\"><div class=\"wp-block-embed__wrapper\">\n<iframe loading=\"lazy\" title=\"ECOASIS: Building a Community for Environmental Health: Michel Gaudet, ASEQ-EHAQ Executive Director\ud83c\udf31\" width=\"640\" height=\"360\" src=\"https:\/\/www.youtube.com\/embed\/bA2OebS8nkc?feature=oembed\" frameborder=\"0\" allow=\"accelerometer; autoplay; clipboard-write; encrypted-media; gyroscope; picture-in-picture; web-share\" referrerpolicy=\"strict-origin-when-cross-origin\" allowfullscreen><\/iframe>\n<\/div><\/figure>\n<\/div>\n<\/div>\n\n\n\n<div class=\"wp-block-columns are-vertically-aligned-bottom is-layout-flex wp-container-core-columns-is-layout-9d6595d7 wp-block-columns-is-layout-flex\">\n<div class=\"wp-block-column is-vertically-aligned-bottom is-layout-flow wp-block-column-is-layout-flow\">\n<p>Owen Rose, Architect, pa LEDD, Rose architecture<\/p>\n\n\n\n<figure class=\"wp-block-embed is-type-video is-provider-youtube wp-block-embed-youtube wp-embed-aspect-16-9 wp-has-aspect-ratio\"><div class=\"wp-block-embed__wrapper\">\n<iframe loading=\"lazy\" title=\"Improving indoor air quality in housing: Owen Rose, Rose Architecture \ud83c\udfe0\" width=\"640\" height=\"360\" src=\"https:\/\/www.youtube.com\/embed\/eG_INzQ3nRM?feature=oembed\" frameborder=\"0\" allow=\"accelerometer; autoplay; clipboard-write; encrypted-media; gyroscope; picture-in-picture; web-share\" referrerpolicy=\"strict-origin-when-cross-origin\" allowfullscreen><\/iframe>\n<\/div><\/figure>\n<\/div>\n\n\n\n<div class=\"wp-block-column is-vertically-aligned-bottom is-layout-flow wp-block-column-is-layout-flow\">\n<p>Marc Lapointe, Director of Business Development, BVI <\/p>\n\n\n\n<figure class=\"wp-block-embed is-type-video is-provider-youtube wp-block-embed-youtube wp-embed-aspect-16-9 wp-has-aspect-ratio\"><div class=\"wp-block-embed__wrapper\">\n<iframe loading=\"lazy\" title=\"\ud83d\udca1Call for Innovation, Indoor Air Quality: Marc Lapointe, Qu\u00e9bec BVI\" width=\"640\" height=\"360\" src=\"https:\/\/www.youtube.com\/embed\/C2_JF_UGaWk?feature=oembed\" frameborder=\"0\" allow=\"accelerometer; autoplay; clipboard-write; encrypted-media; gyroscope; picture-in-picture; web-share\" referrerpolicy=\"strict-origin-when-cross-origin\" allowfullscreen><\/iframe>\n<\/div><\/figure>\n<\/div>\n<\/div>\n\n\n\n<div class=\"wp-block-columns are-vertically-aligned-bottom is-layout-flex wp-container-core-columns-is-layout-9d6595d7 wp-block-columns-is-layout-flex\">\n<div class=\"wp-block-column is-vertically-aligned-bottom is-layout-flow wp-block-column-is-layout-flow\">\n<p>Rohini Peris, ASEQ-EHAQ President<\/p>\n\n\n\n<figure class=\"wp-block-embed is-type-video is-provider-youtube wp-block-embed-youtube wp-embed-aspect-16-9 wp-has-aspect-ratio\"><div class=\"wp-block-embed__wrapper\">\n<iframe loading=\"lazy\" title=\"\ud83c\udf0d Introduction Air Quality &amp; Multiple Chemical Sensitivities: Rohini Peris President ASEQ-EHAQ \ud83c\udf31\" width=\"640\" height=\"360\" src=\"https:\/\/www.youtube.com\/embed\/Tk_WayjbRLg?feature=oembed\" frameborder=\"0\" allow=\"accelerometer; autoplay; clipboard-write; encrypted-media; gyroscope; picture-in-picture; web-share\" referrerpolicy=\"strict-origin-when-cross-origin\" allowfullscreen><\/iframe>\n<\/div><\/figure>\n<\/div>\n\n\n\n<div class=\"wp-block-column is-vertically-aligned-bottom is-layout-flow wp-block-column-is-layout-flow\"><\/div>\n<\/div>\n\n\n\n<div class=\"wp-block-columns is-layout-flex wp-container-core-columns-is-layout-9d6595d7 wp-block-columns-is-layout-flex\">\n<div class=\"wp-block-column is-layout-flow wp-block-column-is-layout-flow\">\n<h3 class=\"wp-block-heading has-text-align-right\"><a href=\"https:\/\/aseq-ehaq.ca\/wp-content\/uploads\/2023\/02\/INVITATION-Webinar.pdf\">Invitation to attend the webinar<\/a><\/h3>\n<\/div>\n\n\n\n<div class=\"wp-block-column is-layout-flow wp-block-column-is-layout-flow\">\n<h3 class=\"wp-block-heading has-text-align-left\"><a href=\"https:\/\/aseq-ehaq.ca\/wp-content\/uploads\/2023\/02\/PRESS-RELEASE.pdf\">Press Release<\/a><\/h3>\n<\/div>\n<\/div>\n\n\n\n<h3 class=\"wp-block-heading has-white-color has-text-color\">.<\/h3>\n\n\n<div class=\"wp-block-image\">\n<figure class=\"aligncenter size-full is-resized\"><a href=\"https:\/\/aseq-ehaq.ca\/wp-content\/uploads\/2023\/02\/Website-speakers-EN.png\"><img loading=\"lazy\" decoding=\"async\" src=\"https:\/\/aseq-ehaq.ca\/wp-content\/uploads\/2023\/02\/Website-speakers-EN.png\" alt=\"\" class=\"wp-image-7785\" width=\"911\" height=\"1500\" srcset=\"https:\/\/aseq-ehaq.ca\/wp-content\/uploads\/2023\/02\/Website-speakers-EN.png 1214w, https:\/\/aseq-ehaq.ca\/wp-content\/uploads\/2023\/02\/Website-speakers-EN-182x300.png 182w, https:\/\/aseq-ehaq.ca\/wp-content\/uploads\/2023\/02\/Website-speakers-EN-622x1024.png 622w, https:\/\/aseq-ehaq.ca\/wp-content\/uploads\/2023\/02\/Website-speakers-EN-768x1265.png 768w, https:\/\/aseq-ehaq.ca\/wp-content\/uploads\/2023\/02\/Website-speakers-EN-932x1536.png 932w\" sizes=\"auto, (max-width: 911px) 100vw, 911px\" \/><\/a><\/figure>\n<\/div>","protected":false},"excerpt":{"rendered":"<p>WEBINAR \u2014 March 23, 2023, from 1 to 4 pm IMPROVING INDOOR AIR QUALITY: WITH INNOVATIVE SOLUTIONS AND LOW EMISSION CONSTRUCTION MATERIALS IN COLLABORATION WITH . . Survey for participants who had attended the event:&nbsp;https:\/\/forms.gle\/CMpQVDcUNcJEsdmN9 Survey for participants who could not attend the event:&nbsp;https:\/\/forms.gle\/r8E6A6jmFoi7nnmJA The Environmental Health Association of Qu\u00e9bec (ASEQ-EHAQ) is pleased to share with you the videos from [&hellip;]<\/p>\n","protected":false},"author":15,"featured_media":0,"parent":0,"menu_order":0,"comment_status":"closed","ping_status":"closed","template":"","meta":{"footnotes":""},"class_list":["post-7667","page","type-page","status-publish","hentry"],"_links":{"self":[{"href":"https:\/\/aseq-ehaq.ca\/en\/wp-json\/wp\/v2\/pages\/7667","targetHints":{"allow":["GET"]}}],"collection":[{"href":"https:\/\/aseq-ehaq.ca\/en\/wp-json\/wp\/v2\/pages"}],"about":[{"href":"https:\/\/aseq-ehaq.ca\/en\/wp-json\/wp\/v2\/types\/page"}],"author":[{"embeddable":true,"href":"https:\/\/aseq-ehaq.ca\/en\/wp-json\/wp\/v2\/users\/15"}],"replies":[{"embeddable":true,"href":"https:\/\/aseq-ehaq.ca\/en\/wp-json\/wp\/v2\/comments?post=7667"}],"version-history":[{"count":0,"href":"https:\/\/aseq-ehaq.ca\/en\/wp-json\/wp\/v2\/pages\/7667\/revisions"}],"wp:attachment":[{"href":"https:\/\/aseq-ehaq.ca\/en\/wp-json\/wp\/v2\/media?parent=7667"}],"curies":[{"name":"wp","href":"https:\/\/api.w.org\/{rel}","templated":true}]}}