{"id":764,"date":"2020-07-15T15:59:59","date_gmt":"2020-07-15T19:59:59","guid":{"rendered":"https:\/\/aseq-ehaq.ca\/?page_id=764"},"modified":"2021-05-07T16:17:37","modified_gmt":"2021-05-07T20:17:37","slug":"members-testimonies","status":"publish","type":"page","link":"https:\/\/aseq-ehaq.ca\/en\/association\/members-testimonies\/","title":{"rendered":"Members\u2019 testimonies"},"content":{"rendered":"\n<div class=\"wp-block-media-text alignwide is-stacked-on-mobile\" style=\"grid-template-columns:23% auto\"><figure class=\"wp-block-media-text__media\"><img loading=\"lazy\" decoding=\"async\" width=\"1024\" height=\"576\" src=\"https:\/\/aseq-ehaq.ca\/wp-content\/uploads\/2021\/05\/Muriel-Letourneau-photo-1024x576.jpg\" alt=\"\" class=\"wp-image-3929 size-full\" srcset=\"https:\/\/aseq-ehaq.ca\/wp-content\/uploads\/2021\/05\/Muriel-Letourneau-photo-1024x576.jpg 1024w, https:\/\/aseq-ehaq.ca\/wp-content\/uploads\/2021\/05\/Muriel-Letourneau-photo-300x169.jpg 300w, https:\/\/aseq-ehaq.ca\/wp-content\/uploads\/2021\/05\/Muriel-Letourneau-photo-768x432.jpg 768w, https:\/\/aseq-ehaq.ca\/wp-content\/uploads\/2021\/05\/Muriel-Letourneau-photo.jpg 1280w\" sizes=\"auto, (max-width: 1024px) 100vw, 1024px\" \/><\/figure><div class=\"wp-block-media-text__content\">\n<h4 class=\"has-text-align-center wp-block-heading\">Muriel L\u00e9tourneau<\/h4>\n\n\n<div class=\"su-quote su-quote-style-default\"><div class=\"su-quote-inner su-u-clearfix su-u-trim\">I am Muriel L\u00e9tourneau, I am 65 years old and I suffer from multiple chemical sensitivity (MCS), particularly to scents and fragrances. Today I am sure that it happened because I was exposed to pesticides and insecticides. I started reacting to perfumes and It took a long time for me to find out what I was suffering from because it happened gradually and over a fairly long period of time. One day, I went to Google and typed in: \u2018fragrance allergies\u2019 and I landed on the website of the Environmental Health Association of Quebec. I contacted them and they were very helpful in explaining chemical sensitivities to me. They were there for me especially at that time when I had lost my job due to this condition. I thus obtained the disability pension from the Quebec pension (R\u00e9gie des rentes du Qu\u00e9bec), and avoided losing everything. It was around the time when the product \u2018Snuggle\u2019 was introduced on the market. I reacted extremely strongly. I react to laundry products.  The odour of laundry is everywhere in the community. It is impossible to walk in the street at any time of the day and even in the early morning hours \u2013 the smell of these products emanates from people\u2019s homes especially when they have the laundry machines or dryers running. There are even times when I have to close my windows because the smell is too intense &#8230; This condition has isolated me, no one really understands what is going on in my body and most think that I am exaggerating, that it is in my head, etc. The Association made me understand what was happening and that allowed me to emerge from severe depression following isolation, job loss and most recently the loss of my partner who also thought that I was exaggerating. Today, I work on accepting my condition and the isolation it causes. I continue to do outreach where possible, and I find all kinds of things to fill my time.<\/div><\/div>\n\n\n\n<p><\/p>\n<\/div><\/div>\n\n\n\n<div class=\"wp-block-media-text alignwide is-stacked-on-mobile\" style=\"grid-template-columns:23% auto\"><figure class=\"wp-block-media-text__media\"><img loading=\"lazy\" decoding=\"async\" width=\"720\" height=\"960\" src=\"https:\/\/aseq-ehaq.ca\/wp-content\/uploads\/2020\/07\/Manon-Gagnon-Picture.jpg\" alt=\"Manon Gagnon Picture\" class=\"wp-image-917 size-full\" srcset=\"https:\/\/aseq-ehaq.ca\/wp-content\/uploads\/2020\/07\/Manon-Gagnon-Picture.jpg 720w, https:\/\/aseq-ehaq.ca\/wp-content\/uploads\/2020\/07\/Manon-Gagnon-Picture-225x300.jpg 225w\" sizes=\"auto, (max-width: 720px) 100vw, 720px\" \/><\/figure><div class=\"wp-block-media-text__content\">\n<h4 class=\"has-text-align-center wp-block-heading\">Manon Gagnon, Victoriaville<\/h4>\n\n\n<div class=\"su-quote su-quote-style-default\"><div class=\"su-quote-inner su-u-clearfix su-u-trim\">ASEQ was a great help to me after my diagnosis of multiple chemical sensitivity. The advice and support I received allowed me to return to my job by getting accommodations in the workplace. Without ASEQ\u2019s help, this would not have been possible. I am extremely grateful to the Association.<\/div><\/div>\n\n\n\n<p><\/p>\n<\/div><\/div>\n\n\n\n<div class=\"wp-block-media-text alignwide is-stacked-on-mobile\" style=\"grid-template-columns:23% auto\"><figure class=\"wp-block-media-text__media\"><img loading=\"lazy\" decoding=\"async\" width=\"480\" height=\"640\" src=\"https:\/\/aseq-ehaq.ca\/wp-content\/uploads\/2020\/07\/Sylvie-Hach\u00e9-picture.jpg\" alt=\"\" class=\"wp-image-919 size-full\" srcset=\"https:\/\/aseq-ehaq.ca\/wp-content\/uploads\/2020\/07\/Sylvie-Hach\u00e9-picture.jpg 480w, https:\/\/aseq-ehaq.ca\/wp-content\/uploads\/2020\/07\/Sylvie-Hach\u00e9-picture-225x300.jpg 225w\" sizes=\"auto, (max-width: 480px) 100vw, 480px\" \/><\/figure><div class=\"wp-block-media-text__content\">\n<h4 class=\"has-text-align-center wp-block-heading\">Sylvie Hach\u00e9e, Laurentians<\/h4>\n\n\n<div class=\"su-quote su-quote-style-default\"><div class=\"su-quote-inner su-u-clearfix su-u-trim\">\n\n\n\n<p>What are the impacts of environmental sensitivities on my life?<\/p>\n\n\n\n<p>I lost my social life. I can\u2019t go to the restaurant, I can\u2019t travel, I can\u2019t go to the hairdresser and I can\u2019t invite my friends or family over. The words \u00ab I can\u2019t \u00bb are all my life now. I must refuse invitations; I must refuse to be approached by anyone\u2026 It\u2019s a psychological torture. I have to avoid all non-essential trips and travels, because otherwise, I will suffer the impacts the following days. It is a life sentence of avoidance and isolation.<\/p>\n\n\n\n<p>ASEQ-EHAQ has helped me by:<\/p>\n\n\n\n<ul class=\"wp-block-list\"><li>Referring a doctor<\/li><li>Organizing information workshops<\/li><li>Always being available to help me<\/li><\/ul>\n\n\n<\/div><\/div>\n<\/div><\/div>\n\n\n\n<div class=\"wp-block-media-text alignwide is-stacked-on-mobile\" style=\"grid-template-columns:23% auto\"><figure class=\"wp-block-media-text__media\"><img loading=\"lazy\" decoding=\"async\" width=\"424\" height=\"920\" src=\"https:\/\/aseq-ehaq.ca\/wp-content\/uploads\/2020\/08\/Josy-Ida-Schwartz.jpg\" alt=\"Josy Ida Schwartz\" class=\"wp-image-1355 size-full\" srcset=\"https:\/\/aseq-ehaq.ca\/wp-content\/uploads\/2020\/08\/Josy-Ida-Schwartz.jpg 424w, https:\/\/aseq-ehaq.ca\/wp-content\/uploads\/2020\/08\/Josy-Ida-Schwartz-138x300.jpg 138w\" sizes=\"auto, (max-width: 424px) 100vw, 424px\" \/><\/figure><div class=\"wp-block-media-text__content\">\n<h4 class=\"has-text-align-center wp-block-heading\">Josy Ida Schwartz<\/h4>\n\n\n<div class=\"su-quote su-quote-style-default\"><div class=\"su-quote-inner su-u-clearfix su-u-trim\">\n\n\n\n<p>My life changed in December 2019 following multiple allergic reactions to various chemicals (fragrances and perfumes, certain plastics and metals, inks, medicines, food, etc.). I had never heard of this type of problem. I became very anxious because the management of allergic reactions is often difficult. I try to find ways to relax and I consult professionals who help me. I am well surrounded by my spouse and my friends. I discovered ASEQ through one of its members. Suddenly, I felt less isolated with my new condition. I learned about their excellent work (literature, advice, healthy housing projects, workshops, petition, etc.). I know ASEQ is always listening and providing good advice! &#8221;<\/p>\n\n\n<\/div><\/div>\n<\/div><\/div>\n\n\n\n<p class=\"has-text-align-center has-medium-font-size\"><a href=\"https:\/\/aseq-ehaq.ca\/en\/more-testimonies\/\"><strong>Read more testimonies<\/strong><\/a><\/p>\n\n\n\n<h3 class=\"has-text-align-center wp-block-heading\">Video testimonies<\/h3>\n\n\n\n<div class=\"wp-block-columns is-layout-flex wp-container-core-columns-is-layout-9d6595d7 wp-block-columns-is-layout-flex\">\n<div class=\"wp-block-column is-layout-flow wp-block-column-is-layout-flow\">\n<figure class=\"wp-block-embed is-type-video is-provider-youtube wp-block-embed-youtube wp-embed-aspect-16-9 wp-has-aspect-ratio\"><div class=\"wp-block-embed__wrapper\">\n<iframe loading=\"lazy\" title=\"T\u00e9moignage de Micheline testimony\" width=\"640\" height=\"360\" src=\"https:\/\/www.youtube.com\/embed\/N-ja26sfJkA?feature=oembed\" frameborder=\"0\" allow=\"accelerometer; autoplay; clipboard-write; encrypted-media; gyroscope; picture-in-picture; web-share\" referrerpolicy=\"strict-origin-when-cross-origin\" allowfullscreen><\/iframe>\n<\/div><figcaption>Subtitles available in English by clicking on the CC button<\/figcaption><\/figure>\n\n\n\n<p><\/p>\n<\/div>\n\n\n\n<div class=\"wp-block-column is-layout-flow wp-block-column-is-layout-flow\">\n<figure class=\"wp-block-embed is-type-video is-provider-youtube wp-block-embed-youtube wp-embed-aspect-16-9 wp-has-aspect-ratio\"><div class=\"wp-block-embed__wrapper\">\n<iframe loading=\"lazy\" title=\"T\u00e9moignage de Th\u00e9r\u00e8se testimony\" width=\"640\" height=\"360\" src=\"https:\/\/www.youtube.com\/embed\/_rzNJ5iFjNk?feature=oembed\" frameborder=\"0\" allow=\"accelerometer; autoplay; clipboard-write; encrypted-media; gyroscope; picture-in-picture; web-share\" referrerpolicy=\"strict-origin-when-cross-origin\" allowfullscreen><\/iframe>\n<\/div><figcaption>Subtitles available in English by clicking on the CC button<\/figcaption><\/figure>\n\n\n\n<p><\/p>\n<\/div>\n<\/div>\n\n\n\n<p><\/p>\n","protected":false},"excerpt":{"rendered":"<p>Read more testimonies Video testimonies<\/p>\n","protected":false},"author":6,"featured_media":0,"parent":803,"menu_order":0,"comment_status":"closed","ping_status":"closed","template":"","meta":{"footnotes":""},"class_list":["post-764","page","type-page","status-publish","hentry"],"_links":{"self":[{"href":"https:\/\/aseq-ehaq.ca\/en\/wp-json\/wp\/v2\/pages\/764","targetHints":{"allow":["GET"]}}],"collection":[{"href":"https:\/\/aseq-ehaq.ca\/en\/wp-json\/wp\/v2\/pages"}],"about":[{"href":"https:\/\/aseq-ehaq.ca\/en\/wp-json\/wp\/v2\/types\/page"}],"author":[{"embeddable":true,"href":"https:\/\/aseq-ehaq.ca\/en\/wp-json\/wp\/v2\/users\/6"}],"replies":[{"embeddable":true,"href":"https:\/\/aseq-ehaq.ca\/en\/wp-json\/wp\/v2\/comments?post=764"}],"version-history":[{"count":0,"href":"https:\/\/aseq-ehaq.ca\/en\/wp-json\/wp\/v2\/pages\/764\/revisions"}],"up":[{"embeddable":true,"href":"https:\/\/aseq-ehaq.ca\/en\/wp-json\/wp\/v2\/pages\/803"}],"wp:attachment":[{"href":"https:\/\/aseq-ehaq.ca\/en\/wp-json\/wp\/v2\/media?parent=764"}],"curies":[{"name":"wp","href":"https:\/\/api.w.org\/{rel}","templated":true}]}}