{"id":7063,"date":"2022-08-26T15:31:29","date_gmt":"2022-08-26T19:31:29","guid":{"rendered":"https:\/\/aseq-ehaq.ca\/?page_id=7063"},"modified":"2022-08-28T11:27:37","modified_gmt":"2022-08-28T15:27:37","slug":"quebec-election-2022-take-action-be-heard","status":"publish","type":"page","link":"https:\/\/aseq-ehaq.ca\/en\/quebec-election-2022-take-action-be-heard\/","title":{"rendered":"<strong>Qu\u00e9bec Election 2022: Take Action, Be Heard!<\/strong>"},"content":{"rendered":"\n<p><strong><a href=\"https:\/\/aseq-ehaq.ca\/wp-content\/uploads\/2022\/08\/Letter-from-ASEQ_Political-parties_Email-WebsiteEN.pdf\" target=\"_blank\" rel=\"noreferrer noopener\">ASEQ-EHAQ Letter to Quebec Political Parties<\/a><\/strong><\/p>\n\n\n\n<p>Responses to come.<\/p>\n\n\n\n<p><a href=\"https:\/\/aseq-ehaq.ca\/en\/news\/press-releases\/\">PRESS RELEASE: Conf\u00e9d\u00e9ration des organismes de personnes handicap\u00e9es du Qu\u00e9bec (COPHAN) SUPPORTS MCS AND DEMANDS CHANGE IN QU\u00c9BEC<\/a><\/p>\n\n\n\n<p><strong><a href=\"#take-action\">How you can take action to support these important changes<\/a><\/strong><\/p>\n\n\n\n<p><strong><a href=\"https:\/\/aseq-ehaq.ca\/en\/aseq-ehaq-letter-to-quebec-parties\/\">Sample Letter from you to political parties<\/a><\/strong><\/p>\n\n\n\n<p><strong><a href=\"https:\/\/aseq-ehaq.ca\/en\/political-contacts\/\">Click here to find whom to contact<\/a><\/strong><\/p>\n\n\n\n<p>With Statistics Canada reporting over 250,000 people diagnosed with Multiple Chemical Sensitivity (MCS) in Qu\u00e9bec, an increase of close to 70% since 2000, and over 1,130,800 million Canadians, a more than 100% increase in the past 20 years, accessibility is a critical issue for many Canadians (Statistics Canada, CCHS, 2000-2020).<\/p>\n\n\n\n<p>ASEQ-EHAQ has reached out to every political party in Quebec prior to the election to ask them for their commitment to address barriers in society including to employment, housing, healthcare, and a lack of proper research. With so many people diagnosed with MCS these questions are critical to protecting, and supporting this population.<\/p>\n\n\n\n<p>Once we have received a response from these political parties, we will post the responses here on our website, and also send them via email to our mailing list. If you would like to receive these emails and be a part of our mailing list, consider becoming a member here: <a href=\"https:\/\/aseq-ehaq.ca\/en\/take-action\/become-a-member\/\"><u>Become a member \u2013 ASEQ-EHAQ<\/u><\/a><\/p>\n\n\n\n<p class=\"has-vivid-green-cyan-color has-text-color has-medium-font-size\" id=\"take-action\"><strong>TAKE ACTION<\/strong><\/p>\n\n\n\n<p>Oftentimes people can feel unheard, and unseen by their elected officials. This rings particularly true for individuals with environmental sensitivities such as multiple chemical sensitivities. With very few least-toxic and fragrance-free spaces and no investment in patient care and research by the government, it can be challenging to feel represented, <strong>but together, we can change this<\/strong>.<\/p>\n\n\n\n<p>With the upcoming Quebec election, we must all contact the party leaders, as well as our local candidates to ask about their commitments, and positions on these pressing issues for people with MCS. <strong>We must act now<\/strong> to let them know that we need <strong>appropriate accessible accommodations for people experiencing MCS<\/strong>.<\/p>\n\n\n\n<p>We have developed a list of commitments that are necessary to support people with MCS and ensure that accessibility exists through all spaces from healthcare, to housing.<\/p>\n\n\n\n<p>This list not only benefits individuals with MCS, but also helps to ensure safe, healthy spaces for all Canadians. We must come together in order to let the government know that these changes are essential.<\/p>\n\n\n\n<p>The list of demands that we have generated is as follows:<\/p>\n\n\n\n<ol class=\"wp-block-list\"><li>Provide immediate appropriate, affordable housing with a keen focus on indoor air quality, suitable for people who experience this disability.<\/li><li>Election spaces must be accessible (fragrance-free with least toxic products being used for cleaning, etc.) so that people disabled with multiple chemical sensitivity (MCS) have accessible spaces to exercise their right to vote.<\/li><li>MCS must be immediately recognized as a physical health condition, and a diagnostic code must be assigned to this condition.<\/li><li><a><\/a> Awareness and education on MCS from a Government of Qu\u00e9bec website must be expanded to educate, create awareness and eliminate the severe stigmatization that currently exists. This content must be created with the collaboration of people with MCS and MCS groups given that they have lived experience with MCS. This is crucial in keeping with the spirit of the internationally recognized disability slogan, <em><strong>Nothing about us, without us!<\/strong><\/em><\/li><li>The Qu\u00e9bec Human Rights and the Rights of Youth Commission must offer appropriate protections for all Quebecers. This must be clearly mentioned with clear definitions of all accommodations on the website of the Qu\u00e9bec Human Rights and the Rights of Youth Commission.<\/li><li>The development of private sector research to develop healthy products must be encouraged and supported so that there are safe products for people experiencing MCS.<\/li><li>Healthy products for all applications must be supported and prioritized.<\/li><li>Implement legislation to change the use of chemical products legal in Quebec to reduce the growing numbers of people developing MCS. This type of legislation has been created for example Registration, Evaluation, Authorisation and Restriction of Chemicals or REACH in Europe which has been in force since 2007. The use of certain chemicals in Qu\u00e9bec should be banned.<\/li><li><a><\/a> Implement legislation to ensure companies disclose the harmful chemicals such as carcinogens, endocrine disruptors (EDCs), neurotoxins, sensitizers (leading to MCS), contained in their products. This legislation exists in California, titled Proposition 65, and ensures consumers can make informed choices about their chemical exposures.<\/li><li>Centers for excellence for MCS funded by the Ministry of Health and Social Services Qu\u00e9bec must be established: for health care, research, awareness and education \u2013 making sure to include people with lived experience, MCS groups, and renowned experts on MCS in the process.<\/li><li>Expand provincially funded research on MCS \u2013 making sure to include people with lived experience, MCS groups, and renowned experts on MCS in the process.<\/li><li>Under the UN Convention on the Rights of Persons with Disabilities, mandate that all health care in Quebec is fragrance-free. This is an essential and appropriate accommodation in order to ensure access to healthcare facilities for people with MCS.<\/li><li>Use only effective, least-toxic solutions during this pandemic and future events, keeping in mind the health condition of MCS.<\/li><li>That the work being presently done for accessibility, for people experiencing MCS, under the Accessibility Act, be implemented in all Government of Quebec buildings and introduced in establishments, institutions, including places of learning and worship, and that people and groups with lived experience be actively included in the process of developing appropriate policies.<\/li><\/ol>\n\n\n\n<p>In order to make your voice heard, call or email the candidates in your Riding so that they can hear directly from you.<\/p>\n\n\n\n<p>You can <strong><a href=\"https:\/\/aseq-ehaq.ca\/en\/aseq-ehaq-letter-to-quebec-parties\/\">click here<\/a><\/strong> to find a sample letter that you can easily send to your candidates and party leaders by copying, pasting, and adding your name and situation as a constituent, or a concerned citizen.<\/p>\n\n\n\n<p><strong><a href=\"https:\/\/aseq-ehaq.ca\/en\/political-contacts\/\">You can find all the candidates for the election and their contact information here<\/a><\/strong><\/p>\n\n\n\n<p>Don\u2019t be afraid to follow up with these candidates to ensure that they know how important an issue this is, and encourage your friends, family, and network to contact their candidates and the party leaders too.<\/p>\n\n\n\n<p><strong><a href=\"https:\/\/aseq-ehaq.ca\/en\/aseq-ehaq-letter-to-quebec-parties\/\">Sample Letter<\/a> <\/strong><\/p>\n\n\n\n<p><strong><a href=\"https:\/\/aseq-ehaq.ca\/en\/political-contacts\/\">Click here to find out whom to contact<\/a><\/strong><\/p>\n","protected":false},"excerpt":{"rendered":"<p>ASEQ-EHAQ Letter to Quebec Political Parties Responses to come. PRESS RELEASE: Conf\u00e9d\u00e9ration des organismes de personnes handicap\u00e9es du Qu\u00e9bec (COPHAN) SUPPORTS MCS AND DEMANDS CHANGE IN QU\u00c9BEC How you can take action to support these important changes Sample Letter from you to political parties Click here to find whom to contact With Statistics Canada reporting over 250,000 people diagnosed with [&hellip;]<\/p>\n","protected":false},"author":15,"featured_media":0,"parent":0,"menu_order":0,"comment_status":"closed","ping_status":"closed","template":"","meta":{"footnotes":""},"class_list":["post-7063","page","type-page","status-publish","hentry"],"_links":{"self":[{"href":"https:\/\/aseq-ehaq.ca\/en\/wp-json\/wp\/v2\/pages\/7063","targetHints":{"allow":["GET"]}}],"collection":[{"href":"https:\/\/aseq-ehaq.ca\/en\/wp-json\/wp\/v2\/pages"}],"about":[{"href":"https:\/\/aseq-ehaq.ca\/en\/wp-json\/wp\/v2\/types\/page"}],"author":[{"embeddable":true,"href":"https:\/\/aseq-ehaq.ca\/en\/wp-json\/wp\/v2\/users\/15"}],"replies":[{"embeddable":true,"href":"https:\/\/aseq-ehaq.ca\/en\/wp-json\/wp\/v2\/comments?post=7063"}],"version-history":[{"count":0,"href":"https:\/\/aseq-ehaq.ca\/en\/wp-json\/wp\/v2\/pages\/7063\/revisions"}],"wp:attachment":[{"href":"https:\/\/aseq-ehaq.ca\/en\/wp-json\/wp\/v2\/media?parent=7063"}],"curies":[{"name":"wp","href":"https:\/\/api.w.org\/{rel}","templated":true}]}}