{"id":234,"date":"2020-06-23T17:23:17","date_gmt":"2020-06-23T21:23:17","guid":{"rendered":"https:\/\/aseq-ehaq.ca\/?page_id=234"},"modified":"2020-08-04T13:05:37","modified_gmt":"2020-08-04T17:05:37","slug":"books","status":"publish","type":"page","link":"https:\/\/aseq-ehaq.ca\/en\/resources\/books\/","title":{"rendered":"Books"},"content":{"rendered":"\n<h3 class=\"has-text-align-center wp-block-heading\">Our recommendation<\/h3>\n\n\n\n<p class=\"has-text-align-center\"><strong><em>12,000 Canaries Can\u2019t be Wrong<\/em><\/strong> \u2013 John Molot MD <a rel=\"noreferrer noopener\" href=\"https:\/\/johnmolot.com\/books\/\" target=\"_blank\">Buy online<\/a><\/p>\n\n\n\n<h3 class=\"has-text-align-center wp-block-heading\">English books<\/h3>\n\n\n\n<div class=\"wp-block-columns is-layout-flex wp-container-core-columns-is-layout-9d6595d7 wp-block-columns-is-layout-flex\">\n<div class=\"wp-block-column is-layout-flow wp-block-column-is-layout-flow\">\n<ul class=\"wp-block-list\"><li><strong><em>Allergic to the Twentieth Century<\/em><\/strong><br>\u2013 Peter Radetsky<br><a rel=\"noreferrer noopener\" href=\"https:\/\/www.amazon.ca\/Allergic-Twentieth-Century-Environmental-Allergies--\/dp\/0316732214\" target=\"_blank\">Buy online<\/a><\/li><li><strong><em>Casualties of Progress<\/em><\/strong><br>\u2013 Alison Johnson<br><a rel=\"noreferrer noopener\" href=\"https:\/\/www.amazon.ca\/Casualties-Progress-Histories-Chemically-Sensitive\/dp\/0967561906\" target=\"_blank\">Buy online<\/a><\/li><li><strong><em>Chemical Exposures, thumb Low Levels and High Stakes<\/em><\/strong><br>\u2013 Ashford and Miller<br><a rel=\"noreferrer noopener\" href=\"https:\/\/www.amazon.ca\/Chemical-Exposures-Levels-High-Stakes\/dp\/0471292400\" target=\"_blank\">Buy online<\/a><\/li><li><em><strong>Multiple Chemical Sensitivity,&nbsp;diagnosis&nbsp;A Survival Guide.<\/strong><\/em><br>\u2013 Pamela Reed Gibson,&nbsp;remedy&nbsp;PH.D.<br><a rel=\"noreferrer noopener\" href=\"https:\/\/www.amazon.ca\/Multiple-Chemical-Sensitivity-Survival-Guide\/dp\/157224173X\" target=\"_blank\">Buy online<\/a><\/li><li><strong><em>Prescriptions for a Healthy House<\/em>&nbsp;<\/strong><br>\u2013 Baker, Elliott and Banta<br><a rel=\"noreferrer noopener\" href=\"https:\/\/www.amazon.ca\/Prescriptions-Healthy-House-Architects-Homeowners\/dp\/1566903556\" target=\"_blank\">Buy online<\/a><\/li><li><strong><em>Staying Well in a Toxic World<\/em>&nbsp;<\/strong><br>\u2013 Lynn Lawson<br><a rel=\"noreferrer noopener\" href=\"https:\/\/www.amazon.ca\/Staying-Well-Toxic-World-millennnium\/dp\/0965365913\" target=\"_blank\">Buy online<\/a><\/li><li><strong><em>The Chemical-Free Lawn<\/em>&nbsp;<\/strong><br>\u2013 Warren Schultz<br><a rel=\"noreferrer noopener\" href=\"https:\/\/www.amazon.ca\/Chemical-Free-Lawn-Newest-Varieties-Techniques\/dp\/0878577998\" target=\"_blank\">Buy online<\/a><\/li><li><strong><em>Fibromyalgia<\/em>&nbsp;<\/strong><br>\u2013 Stacie Bigelow<br><a rel=\"noreferrer noopener\" href=\"https:\/\/www.amazon.ca\/Fibromyalgia-Simple-Relief-through-Movement\/dp\/0471348023\" target=\"_blank\">Buy online<\/a><\/li><li><strong><em>How to Raise a Healthy Child \u2013 Inspite of your Doctor<\/em>&nbsp;<\/strong><br>\u2013 Robert Mendelsohn<br><a rel=\"noreferrer noopener\" href=\"https:\/\/www.amazon.ca\/Raise-Healthy-Child-Spite-Doctor\/dp\/0345342763\" target=\"_blank\">Buy online<\/a><\/li><li><strong><em>The Immune System Cure<\/em>&nbsp;<\/strong><br>\u2013 Lorna Vanderhaeghe<br><a rel=\"noreferrer noopener\" href=\"https:\/\/www.amazon.ca\/Immune-System-Cure-Optimize-Days-\/dp\/0758203748\" target=\"_blank\">Buy online<\/a><\/li><li><strong><em>Natural Detoxification<\/em>&nbsp;<\/strong><br>\u2013 Jacqueline Krohn, MD<br><a rel=\"noreferrer noopener\" href=\"https:\/\/www.amazon.ca\/Natural-Detoxification-Complete-Cleansing-Toxins\/dp\/0881791873\" target=\"_blank\">Buy online<\/a><\/li><li><strong><em>No More Ritalin<\/em>&nbsp;<\/strong><br>\u2013 Many Ann Block<br><a rel=\"noreferrer noopener\" href=\"https:\/\/www.amazon.ca\/No-More-Ritalin-Mary-Block\/dp\/1575661268\" target=\"_blank\">Buy online<\/a><\/li><li><strong><em>Superimmunity for Kids<\/em>&nbsp;<\/strong><br>\u2013 Leo Galland<br><a rel=\"noreferrer noopener\" href=\"https:\/\/www.amazon.ca\/Superimmunity-Kids-Children-Healthy-Prevent\/dp\/0440506794\" target=\"_blank\">Buy online<\/a><\/li><\/ul>\n<\/div>\n\n\n\n<div class=\"wp-block-column is-layout-flow wp-block-column-is-layout-flow\">\n<ul class=\"wp-block-list\"><li><strong><em>Wellness Against All Odds<\/em>\u00a0<\/strong><br>\u2013 Sherry Rogers<br><a rel=\"noreferrer noopener\" href=\"https:\/\/www.amazon.ca\/Wellness-Against-Odds-Rogers-Sherry\/dp\/B00CB23E8A\" target=\"_blank\">Buy online<\/a><\/li><li><strong><em>The Yeast Connection and the Woman<\/em>\u00a0<\/strong><br>\u2013 William Crook<br><a rel=\"noreferrer noopener\" href=\"https:\/\/www.amazon.ca\/Yeast-Connection-Womens-Health-ebook\/dp\/B00CJCHKHS\" target=\"_blank\">Buy online<\/a><\/li><li><strong><em>Stevia Recipe Book<\/em>\u00a0<\/strong><br>\u2013 Josee Fortin<br>Not available online<\/li><li><em><strong>The Stevia Cookbook<\/strong><\/em>\u00a0<br>\u2013 R. Sahelian &amp; D. Gates<br><a rel=\"noreferrer noopener\" href=\"https:\/\/www.amazon.ca\/dp\/0895299267\/ref=dp-kindle-redirect?_encoding=UTF8&amp;btkr=1\" target=\"_blank\">Buy online<\/a><\/li><li><strong><em>Beyond Antibiotics<\/em>\u00a0<\/strong><br>\u2013 Schmidt &amp; Smith &amp; Sehnert<br><a href=\"https:\/\/www.amazon.ca\/Beyond-Antibiotics-Strategies-Infections-Antibiotic-Resistant\/dp\/1556437773\">Buy online<\/a><\/li><li><strong><em>Finding The Right Treatment<\/em>\u00a0<\/strong><br>\u2013 Jacqueline Krohn, MD<br><a rel=\"noreferrer noopener\" href=\"https:\/\/www.amazon.ca\/Finding-Right-Treatment-Comprehensive-Encyclopedia\/dp\/0881791962\" target=\"_blank\">Buy online<\/a><\/li><li><strong><em>The Impossible Child<\/em>\u00a0<\/strong><br>\u2013 Doris Rapp, MD<br><a rel=\"noreferrer noopener\" href=\"https:\/\/www.amazon.ca\/Impossible-Child-School---At-Home\/dp\/0961631805\" target=\"_blank\">Buy online<\/a><\/li><li><strong><em>What your Doctor Won\u2019t Tell You<\/em>\u00a0<\/strong><br>\u2013 Jane Heimlich<br><a rel=\"noreferrer noopener\" href=\"https:\/\/www.amazon.com\/What-Your-Doctor-Wont-Tell\/dp\/0060965398\" target=\"_blank\">Buy online<\/a><\/li><li><strong><em>12,000 Canaries Can\u2019t be Wrong<\/em> <\/strong><br>\u2013 John Molot MD<br><a rel=\"noreferrer noopener\" href=\"https:\/\/johnmolot.com\/books\/\" target=\"_blank\">Buy online<\/a><\/li><li><em><strong>Black on White, the Swedish Experience<\/strong><\/em>\u00a0<br>\u2013 Rigmor Granlund-Lind, John Lind, Mimers Brunn Kunskapsforlag<br>Not available online<\/li><li><em><strong>The Invisible Disease<\/strong><\/em>\u00a0<br>\u2013 Gunni Nordstorm<br><a rel=\"noreferrer noopener\" href=\"https:\/\/www.amazon.ca\/Invisible-Disease-Environmental-Illnesses-Electromagnetic\/dp\/1903816718\" target=\"_blank\">Buy online<\/a><\/li><li><em><strong>The Microwave Debate<\/strong><\/em>\u00a0<br>\u2013 Nicholas H. Steneck<br><a rel=\"noreferrer noopener\" href=\"https:\/\/www.amazon.ca\/Microwave-Debate-Nicholas-H-Steneck\/dp\/0262192306\" target=\"_blank\">Buy online<\/a><\/li><\/ul>\n\n\n\n<p><\/p>\n<\/div>\n<\/div>\n\n\n\n<h3 class=\"has-text-align-center wp-block-heading\">French books<\/h3>\n\n\n\n<div class=\"wp-block-columns alignwide are-vertically-aligned-top is-layout-flex wp-container-core-columns-is-layout-9d6595d7 wp-block-columns-is-layout-flex\">\n<div class=\"wp-block-column is-vertically-aligned-top is-layout-flow wp-block-column-is-layout-flow\">\n<ul class=\"wp-block-list\"><li><strong><em>Ce que votre m\u00e9decin ignore de la m\u00e9decine nutritionnelle pourrait vous \u00eatre fatal<\/em>,&nbsp;dosage&nbsp;treatment<\/strong>&nbsp;<br>\u2013 Dr Ray Strand<br><a rel=\"noreferrer noopener\" href=\"https:\/\/www.amazon.fr\/m%C3%A9decin-ignore-m%C3%A9decine-nutritionnelle-pourrait\/dp\/2922405222\/ref=la_B004MWN072_1_1?s=books&amp;ie=UTF8&amp;qid=1404944596&amp;sr=1-1\" target=\"_blank\">Buy online<\/a><\/li><li><em><strong>Courir avec les g\u00e9ants<\/strong><\/em>&nbsp;<br>\u2013 John C. Maxwell<br><a rel=\"noreferrer noopener\" href=\"https:\/\/www.amazon.ca\/Courir-avec-g%C3%A9ants-John-Maxwell\/dp\/B009T9YFCC\" target=\"_blank\">Buy online<\/a><\/li><li><em><strong>En bonne sant\u00e9 pour la vie<\/strong><\/em>&nbsp;<br>\u2013 Ray D. Strand, discount M. D.<br><a rel=\"noreferrer noopener\" href=\"https:\/\/www.amazon.ca\/Toute-vie-en-bonne-sante\/dp\/2922405397\" target=\"_blank\">Buy online<\/a><\/li><li><em><strong>Histoires qui touchent le coeur Vol. 1<\/strong><\/em><br>\u2013 Alice Gray<br><a rel=\"noreferrer noopener\" href=\"https:\/\/boutique.libreentreprise.com\/fr\/romans-d-inspiration\/671-histoires-qui-touchent-le-c339ur-vol1-alice-gray-978292240505.html?ref=LV0266&amp;type=5&amp;code_lg=lg_fr&amp;num=6\" target=\"_blank\">Buy online<\/a><\/li><li><em><strong>Histoires qui touchent le coeur Vol. <\/strong><\/em>2<br>\u2013 Alice Gray<br><a rel=\"noreferrer noopener\" href=\"https:\/\/boutique.libreentreprise.com\/fr\/romans-d-inspiration\/672-histoires-qui-touchent-le-coeur-vol2-alice-gray-9782922405088.html?ref=LV0267&amp;type=5&amp;code_lg=lg_fr&amp;num=6\" target=\"_blank\">Buy online<\/a><\/li><li><strong><em>L\u2019eau, le meilleur rem\u00e8de<\/em>&nbsp;<\/strong><br>\u2013 Steve Meyerowitz.<br><a rel=\"noreferrer noopener\" href=\"https:\/\/www.amazon.fr\/Steve-Meyerowitz\/e\/B001IR1E40\" target=\"_blank\">Buy online<\/a><\/li><li><em><strong>La sagesse de la m\u00e9nopause<\/strong><\/em>&nbsp;<br>-Christiane Northrup, M. D.<br><a rel=\"noreferrer noopener\" href=\"https:\/\/www.amazon.com\/La-sagesse-m%C3%83%C2%A9nopause-French-Edition\/dp\/2813202665\" target=\"_blank\">Buy online<\/a><\/li><li><strong><em>La v\u00e9rit\u00e9 sur les compagnies pharmaceutiques<\/em>&nbsp;<\/strong><br>\u2013 Dr Marcia Angell<br><a rel=\"noreferrer noopener\" href=\"https:\/\/www.amazon.fr\/v%C3%A9rit%C3%A9-sur-compagnies-pharmaceutiques-contrecarrer\/dp\/2922969029\" target=\"_blank\">Buy online<\/a><\/li><li><em><strong>Le don ultime<\/strong><\/em>&nbsp;<br>\u2013 Jim Stovall<br><a rel=\"noreferrer noopener\" href=\"https:\/\/www.amazon.ca\/gp\/switch-language\/product\/2922405117\/ref=topnav_switchLang?ie=UTF8&amp;keywords=don%20ultime&amp;language=fr_CA&amp;qid=1405015378&amp;sr=8-1\" target=\"_blank\">Buy online<\/a><\/li><li><em><strong>Les 9 \u00e9tapes vers l\u2019autonomie financi\u00e8re<\/strong><\/em><br>\u2013 Suze Orman<br><a rel=\"noreferrer noopener\" href=\"https:\/\/www.amazon.com\/Les-%C3%A9tapes-vers-lautonomie-financi%C3%A8re\/dp\/2895650705\" target=\"_blank\">Buy online<\/a><\/li><li><em><strong>Les saisons du succ\u00e8s<\/strong><\/em><br>\u2013 Denis Waitley<br><a rel=\"noreferrer noopener\" href=\"https:\/\/www.amazon.ca\/Les-saisons-succ%C3%A8s-Denis-Waitley\/dp\/2892252148\" target=\"_blank\">Buy online<\/a><\/li><li><strong><em>Mort sur ordonnance<\/em>&nbsp;<\/strong><br>\u2013 Dr Ray Strand<br><a rel=\"noreferrer noopener\" href=\"https:\/\/www.amazon.fr\/Mort-Sur-Ordonnance-Strand-Ray\/dp\/2922405370\" target=\"_blank\">Buy online<\/a><\/li><li><strong><em>Nos enfants riches et brillants<\/em>&nbsp;<\/strong><br>\u2013 R. Kiyosaki et S. Lechter<br><a rel=\"noreferrer noopener\" href=\"https:\/\/www.amazon.ca\/-\/fr\/Robert-T-Kiyosaki\/dp\/2892255368\/ref=sr_1_fkmr0_1?__mk_fr_CA=%C3%85M%C3%85%C5%BD%C3%95%C3%91&amp;dchild=1&amp;keywords=Nos+enfants+riches+et+brillants+%E2%80%93+R.+Kiyosaki+et+S.+Lechter&amp;qid=1592850804&amp;s=books&amp;sr=1-1-fkmr0\" target=\"_blank\">Buy online<\/a><\/li><li><strong>Objectifs<\/strong><br>\u2013 Brian Tracy<br><a rel=\"noreferrer noopener\" href=\"https:\/\/www.amazon.ca\/Objectifs-Comment-obtenir-rapidement-limaginer\/dp\/292240529X\/ref=sr_1_3?s=books&amp;ie=UTF8&amp;qid=1405016417&amp;sr=1-3\" target=\"_blank\">Buy online<\/a><\/li><\/ul>\n<\/div>\n\n\n\n<div class=\"wp-block-column is-vertically-aligned-top is-layout-flow wp-block-column-is-layout-flow\">\n<ul class=\"wp-block-list\"><li><strong><em>P\u00e8re riche, p\u00e8re pauvre<\/em>&nbsp;<\/strong><br>\u2013 R. Kiyosaki et S. Lechter<br><a rel=\"noreferrer noopener\" href=\"https:\/\/www.amazon.ca\/P%C3%A8re-riche-pauvre-Robert-Kiyosaki\/dp\/2892254477\" target=\"_blank\">Buy online<\/a><\/li><li><strong><em>P\u00e8re riche, p\u00e8re pauvre<\/em>&nbsp;<\/strong><em><strong>(la suite)<\/strong><\/em><br>\u2013 R. Kiyosaki et S. Lechter<br><a rel=\"noreferrer noopener\" href=\"https:\/\/www.amazon.ca\/Pere-riche-pere-pauvre-suite\/dp\/2892254744\" target=\"_blank\">Buy online<\/a><\/li><li><em><strong>P\u00e9ril Chimique: Gare \u00e0 vous- Jozef Krop, MD, FAAEM<\/strong><\/em>&nbsp;<br>\u2013 Une premi\u00e8re en m\u00e9decine environnementale<br><a rel=\"noreferrer noopener\" href=\"https:\/\/www.amazon.fr\/P%C3%A9ril-chimique-premi%C3%A8re-m%C3%A9decine-environnementale\/dp\/2922969134\" target=\"_blank\">Buy online<\/a><\/li><li><em><strong>Strat\u00e9gies de prosp\u00e9rit\u00e9<\/strong><\/em><br>\u2013 Jim Rohn<br><a rel=\"noreferrer noopener\" href=\"https:\/\/www.amazon.ca\/Strat%C3%A9gies-prosp%C3%A9rit%C3%A9-JIM-ROHN\/dp\/289225728X\" target=\"_blank\">Buy online<\/a><\/li><li><em><strong><em>Trouver la paix<\/em>&nbsp;<\/strong><\/em><br>\u2013 Charles Stanley<br><a rel=\"noreferrer noopener\" href=\"https:\/\/www.amazon.fr\/Cherchez-Et-Trouvez-La-Paix\/dp\/2923535014\" target=\"_blank\">Buy online<\/a><\/li><li><strong><em>Un recueil de semences de grandeur<\/em>&nbsp;<\/strong><br>\u2013 Denis Waitley<br><a href=\"https:\/\/www.amazon.ca\/Un-recueil-semences-grandeur\/dp\/2923209028\">Buy online<\/a><\/li><li><em><strong>Une simple pens\u00e9e qui pourrait changer votre vie<\/strong><\/em><br>\u2013 John C. Maxwell<br><a rel=\"noreferrer noopener\" href=\"https:\/\/www.amazon.ca\/Simple-pensee-qui-pourrait-changer\/dp\/2922405001\/\" target=\"_blank\">Buy online<\/a><\/li><li><em><strong>Victimes d\u2019un h\u00e9ritage contamin\u00e9<\/strong><\/em><br>\u2013 Olga Prin<br><a rel=\"noreferrer noopener\" href=\"https:\/\/www.amazon.ca\/Victimes-h%C3%A9ritage-contamin%C3%A9-Olga-Prin\/dp\/B002TISAM6\" target=\"_blank\">Buy online<\/a><\/li><li><strong><em>Z\u00e9ro Toxique<\/em>&nbsp;<\/strong><br>\u2013 Marc Geet \u00c9thier<br><a rel=\"noreferrer noopener\" href=\"https:\/\/www.amazon.ca\/-\/fr\/Marc-Geet-%C3%89thier\/dp\/2895684227\/ref=sr_1_1?__mk_fr_CA=%C3%85M%C3%85%C5%BD%C3%95%C3%91&amp;dchild=1&amp;keywords=zero+toxique+marc+geet&amp;qid=1592935983&amp;s=books&amp;sr=1-1\" target=\"_blank\"><\/a><a href=\"https:\/\/www.amazon.ca\/-\/fr\/Marc-Geet-%C3%89thier\/dp\/2895684227\/ref=sr_1_1?__mk_fr_CA=%C3%85M%C3%85%C5%BD%C3%95%C3%91&amp;dchild=1&amp;keywords=zero+toxique+marc+geet&amp;qid=1592935983&amp;s=books&amp;sr=1-1\">Buy online<\/a><\/li><li><strong><em>M\u00e9nage vert<\/em>&nbsp;<\/strong><br>\u2013 Marc Geet \u00c9thier<br><a rel=\"noreferrer noopener\" href=\"https:\/\/www.amazon.ca\/M%C3%A9nage-vert-Se-faciliter-prot%C3%A9geant\/dp\/2895683859\" target=\"_blank\">Buy online<\/a><\/li><li><strong><em>L\u2019homme \u00e9lectromagn\u00e9tique<\/em><\/strong>&nbsp;<br>\u2013 Cyril W. Smith &amp; Simon Best<br><a rel=\"noreferrer noopener\" href=\"https:\/\/www.amazon.ca\/Lhomme-%C3%A9lectromagn%C3%A9tique-Cyril-W-Smith\/dp\/287211064X\/\" target=\"_blank\">Buy online<\/a><\/li><li><em><strong>Halte aux effets \u00e9lectromagn\u00e9tiques<\/strong><\/em>&nbsp;<br>\u2013 Dr Jean-Claude Albaret avec l\u2019aimable collaboration d\u2019Annie Ginibre<br><a rel=\"noreferrer noopener\" href=\"https:\/\/www.amazon.ca\/Halte-effets-%C3%A9lectromagn%C3%A9tiques-Jean-Claude-Albaret\/dp\/2716313768\" target=\"_blank\">Buy online<\/a><\/li><li><em><strong>Les Anges ne jouent pas de cette HAARP<\/strong><\/em>&nbsp;<br>\u2013 Jeanne Manning et Dr Nick Begich<br><a rel=\"noreferrer noopener\" href=\"https:\/\/www.amazon.ca\/anges-jouent-pas-cette-haarp\/dp\/2892392497\" target=\"_blank\">Buy online<\/a><\/li><li><em><strong>Survivre au T\u00e9l\u00e9phone Mobile et aux R\u00e9seaux Sans Fil<\/strong><\/em><br>\u2013 Maxence Layet, Mich\u00e8le Rivasi &amp; Catherine Gouhier<br><a href=\"https:\/\/www.amazon.ca\/SURVIVRE-T%C3%89L%C3%89PHONE-MOBILE-R%C3%89SEAUX-SANS\/dp\/2702906966\">Buy online<\/a><\/li><\/ul>\n\n\n\n<p><\/p>\n<\/div>\n<\/div>\n","protected":false},"excerpt":{"rendered":"<p>Our recommendation 12,000 Canaries Can\u2019t be Wrong \u2013 John Molot MD Buy online English books Allergic to the Twentieth Century\u2013 Peter RadetskyBuy online Casualties of Progress\u2013 Alison JohnsonBuy online Chemical Exposures, thumb Low Levels and High Stakes\u2013 Ashford and MillerBuy online Multiple Chemical Sensitivity,&nbsp;diagnosis&nbsp;A Survival Guide.\u2013 Pamela Reed Gibson,&nbsp;remedy&nbsp;PH.D.Buy online Prescriptions for a Healthy House&nbsp;\u2013 Baker, Elliott and BantaBuy online [&hellip;]<\/p>\n","protected":false},"author":6,"featured_media":0,"parent":818,"menu_order":0,"comment_status":"closed","ping_status":"closed","template":"","meta":{"footnotes":""},"class_list":["post-234","page","type-page","status-publish","hentry"],"_links":{"self":[{"href":"https:\/\/aseq-ehaq.ca\/en\/wp-json\/wp\/v2\/pages\/234","targetHints":{"allow":["GET"]}}],"collection":[{"href":"https:\/\/aseq-ehaq.ca\/en\/wp-json\/wp\/v2\/pages"}],"about":[{"href":"https:\/\/aseq-ehaq.ca\/en\/wp-json\/wp\/v2\/types\/page"}],"author":[{"embeddable":true,"href":"https:\/\/aseq-ehaq.ca\/en\/wp-json\/wp\/v2\/users\/6"}],"replies":[{"embeddable":true,"href":"https:\/\/aseq-ehaq.ca\/en\/wp-json\/wp\/v2\/comments?post=234"}],"version-history":[{"count":0,"href":"https:\/\/aseq-ehaq.ca\/en\/wp-json\/wp\/v2\/pages\/234\/revisions"}],"up":[{"embeddable":true,"href":"https:\/\/aseq-ehaq.ca\/en\/wp-json\/wp\/v2\/pages\/818"}],"wp:attachment":[{"href":"https:\/\/aseq-ehaq.ca\/en\/wp-json\/wp\/v2\/media?parent=234"}],"curies":[{"name":"wp","href":"https:\/\/api.w.org\/{rel}","templated":true}]}}