{"id":18419,"date":"2026-02-05T14:57:23","date_gmt":"2026-02-05T19:57:23","guid":{"rendered":"https:\/\/aseq-ehaq.ca\/?page_id=18419"},"modified":"2026-04-02T16:04:30","modified_gmt":"2026-04-02T20:04:30","slug":"resilience-registration-2026","status":"publish","type":"page","link":"https:\/\/aseq-ehaq.ca\/en\/resilience-registration-2026\/","title":{"rendered":"Resilience Registration 2026"},"content":{"rendered":"\n<p><em>See below for the <\/em><strong><em>accessibility services<\/em><\/strong><em> <\/em><em>we offer at the conference.<\/em><\/p>\n\n\n\n<p><strong>Registration Details:<\/strong><\/p>\n\n\n\n<p><a href=\"https:\/\/us02web.zoom.us\/meeting\/register\/mTKHwk7UTjyaRLCtiUwMDg\"><strong>Registration Day 1<\/strong>: Advancing the Science behind MCS<\/a> <br><strong>May 7, 2026<\/strong>, from <strong>9:00 am to 5:00 pm (EST)<\/strong><\/p>\n\n\n\n<p><a href=\"https:\/\/us02web.zoom.us\/meeting\/register\/yIc5FRPnRKmBFqn9XaSURw\"><strong>Registration Day 2:<\/strong> Indoor Air Quality, Inclusion, Policy, and Global Movement<\/a> <br><strong>May 8, 2026<\/strong>, from<strong> 9:00 am to 5:00 pm (EST)<\/strong><\/p>\n\n\n\n<p>Registration can be completed for <strong>either day <\/strong><em><strong>or<\/strong><\/em><strong> <\/strong><strong>for both days<\/strong> using two separate Zoom links. Upon registering, Zoom will provide you with a unique link to join the conference.<\/p>\n\n\n\n<p><a href=\"https:\/\/www.zeffy.com\/en-CA\/donation-form\/resilience-2026-make-a-donation\"><u><strong>Make a donation<\/strong><\/u><\/a> towards the conference.<\/p>\n\n\n\n<p>We kindly request a <strong>donation<\/strong> to support the <strong>organization of the conference<\/strong> and the <strong>post-conference continuity<\/strong> of research, knowledge dissemination, and publishing. <strong>All donations<\/strong> will be provided with a <strong>receipt for income tax deduction<\/strong>.<\/p>\n\n\n\n<p><strong>Please note that accessibility options<\/strong>, for both days of the conference include:<\/p>\n\n\n\n<figure class=\"wp-block-image size-large\"><img loading=\"lazy\" decoding=\"async\" width=\"1024\" height=\"536\" src=\"https:\/\/aseq-ehaq.ca\/wp-content\/uploads\/2026\/03\/Accessibility-EN-1-1024x536.png\" alt=\"Accessibility Services at the Resilience Conference The Resilience Conference: An International Conference on Multiple Chemical Sensitivity is committed to making the event accessible and inclusive for all participants. We are pleased to offer the following accessibility services during the conference: American Sign Language (ASL) Interpretation Langue des signes qu\u00e9b\u00e9coise (LSQ) Interpr\u00e9tation Simultaneous Translation (English \u2194 French) Captioning Services CART (Communication Access Realtime Translation) Captioning Zoom Captioning These services will be available throughout the duration of the conference on both May 7th and May 8th\" class=\"wp-image-19064\" srcset=\"https:\/\/aseq-ehaq.ca\/wp-content\/uploads\/2026\/03\/Accessibility-EN-1-1024x536.png 1024w, https:\/\/aseq-ehaq.ca\/wp-content\/uploads\/2026\/03\/Accessibility-EN-1-300x157.png 300w, https:\/\/aseq-ehaq.ca\/wp-content\/uploads\/2026\/03\/Accessibility-EN-1-768x402.png 768w, https:\/\/aseq-ehaq.ca\/wp-content\/uploads\/2026\/03\/Accessibility-EN-1.png 1200w\" sizes=\"auto, (max-width: 1024px) 100vw, 1024px\" \/><\/figure>\n\n\n\n<p>We greatly appreciate your support in advancing the awareness and inclusion of <strong>Multiple Chemical Sensitivity (MCS)<\/strong>.<\/p>\n\n\n\n<p><strong>Please share the <\/strong><a href=\"https:\/\/aseq-ehaq.ca\/en\/resiliencemcsconference-2026\/\"><strong>conference link<\/strong><\/a> <strong>with your community<\/strong>.<\/p>\n\n\n\n<p>With appreciation and thanks,<\/p>\n\n\n\n<p>The Teams at the Environmental Health Associations of Canada and Qu\u00e9bec<\/p>\n","protected":false},"excerpt":{"rendered":"<p>See below for the accessibility services we offer at the conference. Registration Details: Registration Day 1: Advancing the Science behind MCS May 7, 2026, from 9:00 am to 5:00 pm (EST) Registration Day 2: Indoor Air Quality, Inclusion, Policy, and Global Movement May 8, 2026, from 9:00 am to 5:00 pm (EST) Registration can be completed for either day or [&hellip;]<\/p>\n","protected":false},"author":15,"featured_media":0,"parent":0,"menu_order":0,"comment_status":"closed","ping_status":"closed","template":"","meta":{"footnotes":""},"class_list":["post-18419","page","type-page","status-publish","hentry"],"_links":{"self":[{"href":"https:\/\/aseq-ehaq.ca\/en\/wp-json\/wp\/v2\/pages\/18419","targetHints":{"allow":["GET"]}}],"collection":[{"href":"https:\/\/aseq-ehaq.ca\/en\/wp-json\/wp\/v2\/pages"}],"about":[{"href":"https:\/\/aseq-ehaq.ca\/en\/wp-json\/wp\/v2\/types\/page"}],"author":[{"embeddable":true,"href":"https:\/\/aseq-ehaq.ca\/en\/wp-json\/wp\/v2\/users\/15"}],"replies":[{"embeddable":true,"href":"https:\/\/aseq-ehaq.ca\/en\/wp-json\/wp\/v2\/comments?post=18419"}],"version-history":[{"count":2,"href":"https:\/\/aseq-ehaq.ca\/en\/wp-json\/wp\/v2\/pages\/18419\/revisions"}],"predecessor-version":[{"id":19219,"href":"https:\/\/aseq-ehaq.ca\/en\/wp-json\/wp\/v2\/pages\/18419\/revisions\/19219"}],"wp:attachment":[{"href":"https:\/\/aseq-ehaq.ca\/en\/wp-json\/wp\/v2\/media?parent=18419"}],"curies":[{"name":"wp","href":"https:\/\/api.w.org\/{rel}","templated":true}]}}