{"id":1784,"date":"2020-09-02T16:58:41","date_gmt":"2020-09-02T20:58:41","guid":{"rendered":"https:\/\/aseq-ehaq.ca\/?page_id=1784"},"modified":"2023-11-06T10:27:40","modified_gmt":"2023-11-06T15:27:40","slug":"diagnosis-treatment-resources","status":"publish","type":"page","link":"https:\/\/aseq-ehaq.ca\/en\/environmental-sensitivities\/diagnosis-treatment-resources\/","title":{"rendered":"Diagnosis, Treatment, Resources"},"content":{"rendered":"\n<h3 class=\"wp-block-heading\"><strong>What are Environmental Sensitivities\/Multiple Chemical Sensitivities (MCS)<\/strong><\/h3>\n\n\n\n<p>Environmental sensitivities\/multiple chemical sensitivities (MCS) are a range of reactions to environmental factors, including chemicals, foods, and biological agents at levels of exposure tolerated by many people.<\/p>\n\n\n\n<p>MCS is a painful, chronic, multi-system condition that can develop in people of all ages, often following either a single massive exposure or repeated low-level exposures to commonly used products, and chemicals commonly released into the environment.<\/p>\n\n\n\n<p>Sufferers then become sensitized to substances in their everyday environment at levels well below what would be considered to be acceptable to \u201cnormal\u201d people. Sensitivity reactions can be triggered by scented products (personal products, shampoo, antiperspirants, creams, cologne, clothes softener, etc.), cleaning products, laundry detergents, paints, petrochemicals, cigarette smoke, pesticides, pets, plants, solvents, molds, foods or additives, etc.<\/p>\n\n\n\n<h3 class=\"wp-block-heading\"><strong>Examples of triggers \/ exposures (Non exhaustive list)<\/strong><\/h3>\n\n\n\n<p><a href=\"http:\/\/www.hypersensibiliteenvironnementale.com\/index.php\/en\/a-question-of-biology\/pathways-into-the-body\" target=\"_blank\" rel=\"noreferrer noopener\"><u>Click here to view more triggers<\/u><\/a><\/p>\n\n\n\n<figure class=\"wp-block-table\"><table><tbody><tr><td>Chemical agents<\/td><td>Flame retardants, rubber, volatile organic compounds (VOCs), diesel, ink and printed material, petrol or natural gas, smoke (tobacco, wood, etc.), vehicle exhaust, fresh tar or asphalt, interiors of new cars, dry cleaning fluid, building and renovation materials (e.g. caulking, grout, shellac, paint, sealants, varnish, etc.), markers, new furniture and furnishings, new carpets, pesticides, petrochemicals, insecticide spray, shower curtains, chemicals and VOCs released by new products, nail polish and solvents, soft vinyl, etc.<\/td><\/tr><tr><td>Biological agents<\/td><td>Mould<\/td><\/tr><tr><td>Workplace<br>exposures<\/td><td>Glues and solvents, exposures to volatile organic compounds (VOCs), exposures to gases and fumes (firefighters), gases and fumes from welding, exhaust gases, Isocyanates, paints and paint thinners, pesticides, dust from wood, flour, metal, etc., chemicals used in the manufacture of plastics, adhesives, etc.<\/td><\/tr><tr><td>Scented products<\/td><td>Air fresheners and incense, fabric softeners, sunscreen, detergents and soaps, new plastic, cleaning products (e.g. disinfectants, bleach, floor cleaners, furniture cleaners, etc.), personal care products (e.g. : deodorants, hair spray, body lotions, aftershave lotions, makeup, etc.), baby care products, perfumed products (colognes, essential oils, perfumes, devices emitting all kinds of perfumes, potpourris), etc.<\/td><\/tr><tr><td>Other<\/td><td>Foods, supplements, medications, food flavourings, colours, preservatives, etc., sound, vibration, light, temperature, wood terpenes, etc.<\/td><\/tr><tr><td><br><\/td><td>Note:<br>This is not an exhaustive list of exposures in the workplace. Sensitivities caused by a substance<br>can lead to reactions to other chemicals, including unrelated personal and household cleaning<br>products, smoke, food, etc.<\/td><\/tr><\/tbody><\/table><\/figure>\n\n\n\n<h3 class=\"wp-block-heading\"><strong>Symptoms (Non-exhaustive list)<\/strong><\/h3>\n\n\n\n<p><a href=\"https:\/\/hypersensibiliteenvironnementale.com\/pdf\/HE_figure_symptoms_en.pdf\" target=\"_blank\" rel=\"noreferrer noopener\"><u>Click here to view symptoms<\/u><\/a><\/p>\n\n\n\n<figure class=\"wp-block-table\"><table><thead><tr><td><strong>Systems<\/strong><\/td><td><strong>Symptoms<\/strong><\/td><\/tr><\/thead><tbody><tr><td>Central Nervous &amp;<br>Neurological<\/td><td>Sense of smell heightened, neurological pain (skin burning most often), migraines, intense headaches, dizziness, vertigo, confusion, feeling dull, weak or foggy, lack of coordination and \/ or balance, tinnitus, cognitive problems (brain fog), poor concentration, difficulty remembering, memory loss, hyperactivity, restlessness, anxiety, tension, depression, insomnia, sleep problems, night sweats, fatigue, exhaustion<\/td><\/tr><tr><td>Respiratory &amp; Immune<\/td><td>Distress and \/ or difficulty breathing, coughing, wheezing, shortness of breath, asthma, chest pain, frequent bronchitis or pneumonia, congestion, itching or runny nose, allergic rhinitis, sinus infections and \/ or pain, sore throat, swollen glands, flu-like symptoms<\/td><\/tr><tr><td>Eyes<\/td><td>Red, painful, watery eyes, disturbed vision<\/td><\/tr><tr><td>Gastrointestinal<\/td><td>Excessive drooling, bleeding gums, heartburn, abdominal or stomach pain, nausea, bloating, constipation, diarrhea<\/td><\/tr><tr><td>Endocrine<\/td><td>Fatigue, lethargy, fluctuating blood sugar, hormonal disturbances or imbalances<\/td><\/tr><tr><td>Musculo skeletal<\/td><td>Muscle spasms and \/ or pain, joint pain and \/ or swelling, backache, burning sensation in the muscles, extreme pain in the face, jaws and mouth, weakness, allodynia, inflammation<\/td><\/tr><tr><td>Cardiovascular<\/td><td>Palpitations, rapid and \/ or irregular heartbeat, hypertension or hypotension, cold extremities<\/td><\/tr><tr><td>Skin<\/td><td>Eczema, rashes, itching, hives, redness, rash, redness, cuts or lesions<\/td><\/tr><tr><td>Genitourinary<\/td><td>Frequency and urgency to urinate, incontinence, spasms in the bladder<\/td><\/tr><\/tbody><\/table><\/figure>\n\n\n\n<h3 class=\"wp-block-heading\"><strong>Diagnostic Criteria<\/strong><\/h3>\n\n\n\n<p><a href=\"https:\/\/aseq-ehaq.ca\/wp-content\/uploads\/2020\/07\/Taking-an-Exposure-History-CH2OPD2.pdf\" target=\"_blank\" rel=\"noreferrer noopener\"><u>Taking an Exposure History (CH2OPD2)<\/u><\/a><br><a href=\"https:\/\/aseq-ehaq.ca\/wp-content\/uploads\/2020\/07\/QEESI-EN.pdf\" target=\"_blank\" rel=\"noreferrer noopener\"><u>The Quick Environmental Exposure and Sensitivity Inventory (QEESI)<\/u><\/a><\/p>\n\n\n\n<h3 class=\"wp-block-heading\"><strong>Multiple Chemical Sensitivities (MCS)<\/strong><\/h3>\n\n\n\n<p>Initiation and subsequent sensitization observed in cases of environmental sensitivities:<\/p>\n\n\n\n<ol class=\"wp-block-list\">\n<li>Symptoms are reproducible following repeated chemical exposure;<\/li>\n\n\n\n<li>The condition is <strong>chronic<\/strong>;<\/li>\n\n\n\n<li>Lower exposure levels than those previously tolerated, or tolerated by the general population, lead to the manifestation of symptoms;<\/li>\n\n\n\n<li><strong>Symptoms improve or disappear when the incitants are removed;<\/strong><\/li>\n\n\n\n<li>Responses occur to <strong>multiple chemically unrelated substances;<\/strong><\/li>\n\n\n\n<li>Symptoms involve multiple organ systems;<\/li>\n<\/ol>\n\n\n\n<ul class=\"wp-block-list\">\n<li><strong>Still not refuted<\/strong> in the literature published almost two decades later<\/li>\n\n\n\n<li>Definition used both in clinical practice and in research<\/li>\n\n\n\n<li><strong>Recently (2018) confirmed<\/strong> by the MOHLTC of Ontario by a group of experts using the Delphi process<\/li>\n<\/ul>\n\n\n\n<p>Bartha, L., et al., <em>Multiple chemical sensitivity<\/em>: a 1999 consensus. Archives of Environmental Health: An International Journal, 1999. <strong>54<\/strong>(3): p. 147-149.<br>McKeown-Eyssen, G.E., et al., <em>Multiple chemical sensitivity: discriminant validity of case definitions. <\/em>Archives of Environmental Health: An International Journal, 2001. <strong>56<\/strong>(5): p. 406-412.<br>Nethercott, J.R., et al., <em>Multiple chemical sensitivities syndrome: toward a working case definition.<\/em> Archives of Environmental Health: An International Journal, 1993. <strong>48<\/strong>(1): p. 19-26.<br>Ontario Ministry of Health and Long-Term Care, <em>Guiding Principles for the Diagnosis of Environmental Sensitivities\/Multiple Chemical Sensitivity.<\/em> Centre for Effective Practice, 2018.<\/p>\n\n\n\n<h3 class=\"wp-block-heading\"><strong>Treatment<\/strong><\/h3>\n\n\n\n<p>Ottawa Environmental Health Clinic: <a href=\"https:\/\/www.oehc.ca\/treatments\/treatments.html\" target=\"_blank\" rel=\"noreferrer noopener\"><u>https:\/\/www.oehc.ca\/treatments\/treatments.html<\/u><\/a><\/p>\n\n\n\n<p>The basic principle of treatment is the avoidance of triggers, so as to create an environment where the body can heal:<\/p>\n\n\n\n<ul class=\"wp-block-list\">\n<li>Recognize the current or potential triggers, by taking the exposure history of the person: community, housing, hobby (leisure), occupation, personal, diet, drugs (drugs) (CH2OPD2);<\/li>\n\n\n\n<li>Consider current or potential exposures as well as stresses that may contribute to the condition, reducing or eliminating them as much as possible;<\/li>\n\n\n\n<li>Identify the toxic load of the body, such as heavy metals or chlorine compounds, using appropriate tests, and intervene in a targeted manner to reduce this overload.<\/li>\n\n\n\n<li>Make up for nutritional deficiencies such as vitamins and minerals, which make it more difficult for the person to metabolize the triggering agents;<\/li>\n\n\n\n<li>Opt for organic food.<\/li>\n<\/ul>\n\n\n\n<h3 class=\"wp-block-heading\"><strong>Support for people who suffer from Multiple Chemical Sensitivities (MCS)<\/strong><\/h3>\n\n\n\n<h4 class=\"wp-block-heading\"><strong>A diagnosis is necessary as the first means of support.<\/strong><\/h4>\n\n\n\n<ul class=\"wp-block-list\">\n<li>Ask the person to keep a record (log) of exposures and symptoms to identify sources of exposure and monitor progress:<br><a href=\"https:\/\/hypersensibiliteenvironnementale.com\/old\/images\/pdfs\/en\/9-activity_journal_symptoms.pdf\" target=\"_blank\" rel=\"noreferrer noopener\"><u>https:\/\/hypersensibiliteenvironnementale.com\/old\/images\/pdfs\/en\/9-activity_journal_symptoms.pdf<\/u><\/a><\/li>\n\n\n\n<li>Checklist of strategies for better health management <a href=\"https:\/\/hypersensibiliteenvironnementale.com\/old\/images\/pdfs\/en\/8-checklist.pdf\" target=\"_blank\" rel=\"noreferrer noopener\"><u>https:\/\/hypersensibiliteenvironnementale.com\/old\/images\/pdfs\/en\/8-checklist.pdf<\/u><\/a><\/li>\n\n\n\n<li>Tips to best manage the illness (SEEDS) <a href=\"https:\/\/hypersensibiliteenvironnementale.com\/old\/images\/pdfs\/en\/7-SEEDS_of_health.pdf\" target=\"_blank\" rel=\"noreferrer noopener\"><u>https:\/\/hypersensibiliteenvironnementale.com\/old\/images\/pdfs\/en\/7-SEEDS_of_health.pdf<\/u><\/a><\/li>\n<\/ul>\n\n\n\n<h4 class=\"wp-block-heading\"><strong>Environmental health in hospitals \u2013 A practical guide for hospital employees:<\/strong><\/h4>\n\n\n\n<p>Part 1 : <a href=\"https:\/\/aseq-ehaq.ca\/wp-content\/uploads\/2020\/08\/env_health_in_hospital_part_1.pdf\" target=\"_blank\" rel=\"noreferrer noopener\"><u>Pollution Prevention<\/u><\/a><br>Part 2 : <a href=\"https:\/\/aseq-ehaq.ca\/wp-content\/uploads\/2020\/08\/2019-Env_health_in_hospital_part_II.pdf\" target=\"_blank\" rel=\"noreferrer noopener\"><u>Environment-Sensitive Care<\/u><\/a><\/p>\n\n\n\n<h4 class=\"wp-block-heading\"><strong>Maintain employment and \/ or avoid isolation, stigma and exclusion:<\/strong><\/h4>\n\n\n\n<p>Letters of support for accommodation in the workplace (e.g. fragrance-free environment, ecological renovations, cable Internet connection rather than Wi-Fi, good ventilation, avoidance of triggers (for example, avoid isocyanates by substitution), etc.).<\/p>\n\n\n\n<p>To help the person manage their sensitivities as well as possible and keep their job, a letter explaining their needs is useful.<\/p>\n\n\n\n<h4 class=\"wp-block-heading\"><strong>Tips for obtaining accommodation without a lawyer<\/strong><\/h4>\n\n\n\n<p><a href=\"https:\/\/hypersensibiliteenvironnementale.com\/old\/images\/pdfs\/en\/model_letter.pdf\">https:\/\/hypersensibiliteenvironnementale.com\/old\/images\/pdfs\/en\/model_letter.pdf<\/a><\/p>\n\n\n\n<h4 class=\"wp-block-heading\"><strong>For more information on personal accommodation, please visit:<\/strong><\/h4>\n\n\n\n<ul class=\"wp-block-list\">\n<li>Centre canadien d\u2019hygi\u00e8ne et de s\u00e9curit\u00e9 au travail <a href=\"https:\/\/www.cchst.ca\/oshanswers\/hsprograms\/scent_free.html\" target=\"_blank\" rel=\"noreferrer noopener\"><u>https:\/\/www.cchst.ca\/oshanswers\/hsprograms\/scent_free.html<\/u><\/a><\/li>\n\n\n\n<li>Family education and support, so that the person is accommodated: <a href=\"http:\/\/www.EnvironmentalSensitivities.com\/\" target=\"_blank\" rel=\"noreferrer noopener\"><u>www.EnvironmentalSensitivities.com<\/u><\/a><\/li>\n<\/ul>\n\n\n\n<h4 class=\"wp-block-heading\"><strong>In order to implement a fragrance-free policy in your health-care establishment:<\/strong><\/h4>\n\n\n\n<ul class=\"wp-block-list\">\n<li>The case for making healthcare in Qu\u00e9bec fragrance-free <a href=\"https:\/\/aseq-ehaq.ca\/fragrance.html\"><u>www.aseq-ehaq.ca\/fragrance<\/u><\/a><\/li>\n\n\n\n<li>Canadian Centre for Occupational Health and Safety <a href=\"https:\/\/www.cchst.ca\/oshanswers\/hsprograms\/scent_free.html\" target=\"_blank\" rel=\"noreferrer noopener\"><u>https:\/\/www.cchst.ca\/oshanswers\/hsprograms\/scent_free.html<\/u><\/a><\/li>\n\n\n\n<li>Scent-Free Buildings <a href=\"https:\/\/iaqforum.ca\/iaqcanada\/wp-content\/uploads\/2019\/06\/CCIAQB-Module-6-Eng.pdf\" target=\"_blank\" rel=\"noreferrer noopener\"><u>https:\/\/iaqforum.ca\/iaqcanada\/wp-content\/uploads\/2019\/06\/CCIAQB-Module-6-Eng.pdf<\/u><\/a><\/li>\n<\/ul>\n\n\n\n<h4 class=\"wp-block-heading\"><strong>List of products generally tolerated<\/strong><\/h4>\n\n\n\n<p><em>(Using less toxic products is a way to prevent environmental sensitivities\/multiple chemical sensitivities)<\/em><\/p>\n\n\n\n<h4 class=\"wp-block-heading\"><strong>How to choose healthy products \u2013 for persons who suffer from environmental sensitivities and for their entourage<\/strong><\/h4>\n\n\n\n<ul class=\"wp-block-list\">\n<li><a href=\"http:\/\/www.ecolivingguide.ca\/\" target=\"_blank\" rel=\"noreferrer noopener\"><u>www.EcoLivingGuide.ca<\/u><\/a><\/li>\n<\/ul>\n\n\n\n<h4 class=\"wp-block-heading\"><strong>Ecological solutions for everyday living<\/strong><\/h4>\n\n\n\n<ul class=\"wp-block-list\">\n<li><a href=\"http:\/\/www.ecolivingguide.ca\/\" target=\"_blank\" rel=\"noreferrer noopener\"><u>www.ecolivingguide.ca<\/u><\/a><\/li>\n\n\n\n<li><a href=\"http:\/\/www.EWG.org\/\" target=\"_blank\" rel=\"noreferrer noopener\"><u>www.EWG.org<\/u><\/a><\/li>\n\n\n\n<li><a href=\"http:\/\/www.lesstoxicguide.ca\/\" target=\"_blank\" rel=\"noreferrer noopener\"><u>www.lesstoxicguide.ca\/<\/u><\/a><\/li>\n<\/ul>\n\n\n\n<h4 class=\"wp-block-heading\"><strong>Information on mould<\/strong><\/h4>\n\n\n\n<ul class=\"wp-block-list\">\n<li>Qu\u00e9bec <a href=\"https:\/\/www.quebec.ca\/en\/health\/health-issues\/a-z\/health-problems-caused-by-mould\/\" target=\"_blank\" rel=\"noreferrer noopener\"><u>https:\/\/www.quebec.ca\/en\/health\/health-issues\/a-z\/health-problems-caused-by-mould\/<\/u><\/a><\/li>\n\n\n\n<li>Canadian Centre for Occupational Health and Safety <a href=\"https:\/\/www.ccohs.ca\/topics\/hazards\/health\/mould\/\" target=\"_blank\" rel=\"noreferrer noopener\"><u>https:\/\/www.ccohs.ca\/topics\/hazards\/health\/mould\/<\/u><\/a><\/li>\n\n\n\n<li>Management Strategies for Moulds and Microbiologic Agents <a href=\"https:\/\/iaqresource.ca\/wp-content\/uploads\/2019\/06\/CCIAQB-Module-10-Eng.pdf\" target=\"_blank\" rel=\"noreferrer noopener\"><u>https:\/\/iaqresource.ca\/wp-content\/uploads\/2019\/06\/CCIAQB-Module-10-Eng.pdf<\/u><\/a><\/li>\n<\/ul>\n","protected":false},"excerpt":{"rendered":"<p>What are Environmental Sensitivities\/Multiple Chemical Sensitivities (MCS) Environmental sensitivities\/multiple chemical sensitivities (MCS) are a range of reactions to environmental factors, including chemicals, foods, and biological agents at levels of exposure tolerated by many people. MCS is a painful, chronic, multi-system condition that can develop in people of all ages, often following either a single massive exposure or repeated low-level exposures [&hellip;]<\/p>\n","protected":false},"author":6,"featured_media":0,"parent":808,"menu_order":0,"comment_status":"closed","ping_status":"closed","template":"","meta":{"footnotes":""},"class_list":["post-1784","page","type-page","status-publish","hentry"],"_links":{"self":[{"href":"https:\/\/aseq-ehaq.ca\/en\/wp-json\/wp\/v2\/pages\/1784","targetHints":{"allow":["GET"]}}],"collection":[{"href":"https:\/\/aseq-ehaq.ca\/en\/wp-json\/wp\/v2\/pages"}],"about":[{"href":"https:\/\/aseq-ehaq.ca\/en\/wp-json\/wp\/v2\/types\/page"}],"author":[{"embeddable":true,"href":"https:\/\/aseq-ehaq.ca\/en\/wp-json\/wp\/v2\/users\/6"}],"replies":[{"embeddable":true,"href":"https:\/\/aseq-ehaq.ca\/en\/wp-json\/wp\/v2\/comments?post=1784"}],"version-history":[{"count":0,"href":"https:\/\/aseq-ehaq.ca\/en\/wp-json\/wp\/v2\/pages\/1784\/revisions"}],"up":[{"embeddable":true,"href":"https:\/\/aseq-ehaq.ca\/en\/wp-json\/wp\/v2\/pages\/808"}],"wp:attachment":[{"href":"https:\/\/aseq-ehaq.ca\/en\/wp-json\/wp\/v2\/media?parent=1784"}],"curies":[{"name":"wp","href":"https:\/\/api.w.org\/{rel}","templated":true}]}}