{"id":16396,"date":"2025-06-11T16:14:38","date_gmt":"2025-06-11T20:14:38","guid":{"rendered":"https:\/\/aseq-ehaq.ca\/?page_id=16396"},"modified":"2026-02-25T15:12:17","modified_gmt":"2026-02-25T20:12:17","slug":"resilience-videos-day-1","status":"publish","type":"page","link":"https:\/\/aseq-ehaq.ca\/en\/resilience-videos-day-1\/","title":{"rendered":""},"content":{"rendered":"\n<h2 class=\"wp-block-heading\"><strong>RESILIENCE: An International Conference on<\/strong> <strong>Multiple Chemical Sensitivity (MCS)<\/strong><\/h2>\n\n\n\n<p><strong>Day 1<\/strong><\/p>\n\n\n\n<p><strong>VIDEOS &amp; SUMMARIES<\/strong><\/p>\n\n\n\n<p><strong>ASL AVAILABLE<\/strong><\/p>\n\n\n\n<p><strong>Date: May 1, 2025<\/strong><\/p>\n\n\n\n<h2 class=\"wp-block-heading\"><\/h2>\n\n\n\n<p><strong>INTRODUCTION:<\/strong><\/p>\n\n\n\n<p><strong>Michel Gaudet<\/strong>, Executive Director of the Environmental Health Association of Canada and the Environmental Health Association of Qu\u00e9bec<\/p>\n\n\n\n<p><strong>Rohini Peris<\/strong>, President &amp; CEO, the Environmental Health Association of Canada and the Environmental Health Association of Qu\u00e9bec<\/p>\n\n\n\n<p><strong>Caroline Barakat<\/strong>, <strong>PhD,<\/strong> Professor in the Faculty of Health Sciences at Ontario Tech University<\/p>\n\n\n\n<p><strong>Riina Bray, MD, <\/strong>Medical Director of the Environmental Health Clinic at Women\u2019s College Hospital<\/p>\n\n\n\n<p><a href=\"https:\/\/youtu.be\/Z8QwRtjcBrY\">Video<\/a><\/p>\n\n\n\n<h2 class=\"wp-block-heading\"><\/h2>\n\n\n\n<p><strong>ACCESSIBILITY STANDARDS CANADA:<\/strong><\/p>\n\n\n\n<p><strong>Developing Housing and Built-In Standards&nbsp;<\/strong><\/p>\n\n\n\n<p><strong>Dino Zuppa, PhD,<\/strong>&nbsp;CEO, Accessibility Standards Canada<\/p>\n\n\n\n<p>Chief Executive Officer, Dino Zuppa, will share the latest updates on the work of Accessibility Standards Canada and present Air Quality research, and the current development of housing and built-in standards<\/p>\n\n\n\n<p><a href=\"https:\/\/youtu.be\/JpxzkiuC5_A\">Video<\/a>&nbsp;&nbsp;&nbsp;&nbsp;&nbsp;&nbsp;&nbsp;&nbsp;<a href=\"https:\/\/aseq-ehaq.ca\/wp-content\/uploads\/2025\/06\/Day-2-Summary_Dr-Dino-Zuppa-ASC.pdf\" target=\"_blank\" rel=\"noreferrer noopener\">Summary<\/a><\/p>\n\n\n\n<h2 class=\"wp-block-heading\"><\/h2>\n\n\n\n<p><strong>The MCS story: The science and resistance to change<\/strong><\/p>\n\n\n\n<p><strong>John Molot,<\/strong> <strong>MD<\/strong>, Environmental Medicine. Adjunct Professor, Faculty of Medicine, University of Ottawa.<\/p>\n\n\n\n<p>In the prologue, the biological mechanisms are reviewed, followed by the chronological story of MCS discoveries since it was first described in peer-reviewed literature. This presentation also includes a review of the persistent published pushback and resulting detrimental effects.<\/p>\n\n\n\n<p><a href=\"https:\/\/youtu.be\/oiebclwPZPY\">Video<\/a>&nbsp;&nbsp;&nbsp;&nbsp;&nbsp;&nbsp;&nbsp;&nbsp;<a href=\"https:\/\/aseq-ehaq.ca\/wp-content\/uploads\/2025\/06\/Day-1-Summary_Dr-John-Molot.pdf\" target=\"_blank\" rel=\"noreferrer noopener\">Summary<\/a><\/p>\n\n\n\n<p>The&nbsp;Q\/A&nbsp;between Dr. John&nbsp;Molot&nbsp;and Robert Lattanzio is&nbsp;a&nbsp;call to change existing attitudes in medicine and academia while shedding light on the biological benefits of scent-free policies.<\/p>\n\n\n\n<p><a href=\"https:\/\/youtu.be\/RoaKJERRrLI\">Video<\/a><\/p>\n\n\n\n<h2 class=\"wp-block-heading\"><\/h2>\n\n\n\n<p><strong>Involvement of brain function and networks after exposure to extrinsic stimuli: a possible underlying mechanism in multiple chemical sensitivity<\/strong><\/p>\n\n\n\n<p><strong>Kenichi Azuma, PhD,<\/strong> Professor in the Department of Allergy and Preventive Medicine at Kindai University, Japan.<\/p>\n\n\n\n<p>Dr. Azuma will present his paper titled <em>Involvement of brain function and networks after exposure to extrinsic stimuli: a possible underlying mechanism in multiple chemical sensitivity. <\/em>The presentation explores the neurological processing of low levels of odours in patients with MCS using functional brain imaging techniques.<\/p>\n\n\n\n<p><a href=\"https:\/\/youtu.be\/5PgKS2Z1FOs\">Video<\/a>&nbsp;&nbsp;&nbsp;&nbsp;&nbsp;&nbsp;&nbsp;&nbsp;<a href=\"https:\/\/aseq-ehaq.ca\/wp-content\/uploads\/2025\/06\/Day-1-Summary_Dr-Kenichi-Azuma.pdf\" target=\"_blank\" rel=\"noreferrer noopener\">Summary<\/a><\/p>\n\n\n\n<h2 class=\"wp-block-heading\"><\/h2>\n\n\n\n<p><strong>Gut microbiome analysis and Genetic analysis in MCS<\/strong><\/p>\n\n\n\n<p><strong>Kentaro Watai<\/strong>, <strong>MD<\/strong>, <strong>PhD<\/strong>, Professor in the Department of Preventive Medicine at Kindai University, Japan.<\/p>\n\n\n\n<p>Dr. Watai will present his paper, titled \u201c<em>Elucidating the pathogenesis of Multiple Chemical Sensitivity using genetic methods: Gut microbiome analysis and Genome-wide association study<\/em>\u201d. The presentation explores multiple environmental factors which can lead to MCS using gut bacteria as indicators of metabolism.<\/p>\n\n\n\n<p><a href=\"https:\/\/youtu.be\/H7Qie1-4dO0\">Video<\/a>&nbsp;&nbsp;&nbsp;&nbsp;&nbsp;&nbsp;&nbsp;&nbsp;<a href=\"https:\/\/aseq-ehaq.ca\/wp-content\/uploads\/2025\/06\/Day-1-Summary_Dr-Kentaro-Watai.pdf\" target=\"_blank\" rel=\"noreferrer noopener\">Summary<\/a><\/p>\n\n\n\n<h2 class=\"wp-block-heading\"><\/h2>\n\n\n\n<p><strong>Home diagnostic and treatment options for MCS patients<\/strong><\/p>\n\n\n\n<p><strong>Ottaviano Tapparo<\/strong>, <strong>MD<\/strong>, Professor and doctor of medical dentistry, with a focus on immunotoxicology and regenerative therapies.<\/p>\n\n\n\n<p>Your mouth is continuously exposed to internal risks like dental materials, periodontal disease, and toxins, which can affect not only oral health but also internal organs. This presentation from Dr. Tapparo examines ongoing oral health risks from caries, periodontal disease, and dental materials, along with their systemic impacts. It introduces innovative at-home tests, including a chewing gum test for toxic releases, blood tests for inflammation and allergies, and the Maintrac\u00ae test for cancer risk assessment.<\/p>\n\n\n\n<p><a href=\"https:\/\/youtu.be\/5rwNLc3Pj2U\">Video<\/a>&nbsp;&nbsp;&nbsp;&nbsp;&nbsp;&nbsp;&nbsp;&nbsp;<a href=\"https:\/\/aseq-ehaq.ca\/wp-content\/uploads\/2025\/06\/Day-1-Summary_Dr-Ottaviano-Tapparo.pdf\" target=\"_blank\" rel=\"noreferrer noopener\">Summary<\/a><\/p>\n\n\n\n<h2 class=\"wp-block-heading\"><\/h2>\n\n\n\n<p><strong>Dissecting the Genetic Architecture of Multiple Chemical Sensitivity (MCS)<\/strong><\/p>\n\n\n\n<p><strong>Audrey V. Grant, PhD, <\/strong>Assistant Professor at the Department of Anesthesia, and expert in Genetic Epidemiology at McGill University.<\/p>\n\n\n\n<p>Dr. Grant will present a literature review on the scientific papers exploring possible genetic underpinnings of MCS. Differences in proteins such as receptors and metabolizing enzymes, and other single-nucleotide polymorphisms (SNPs) have been implicated with increased sensitivity. Dr. Grant will also present her current work, in collaboration with ASEQ-EHAQ and Genome Quebec, which seeks to find specific genetic sequences, or epigenetic changes, which could explain a greater propensity to develop Multiple Chemical Sensitivity.<\/p>\n\n\n\n<p><a href=\"https:\/\/youtu.be\/F5J7Sg-tQE8\">Video<\/a>&nbsp;&nbsp;&nbsp;&nbsp;&nbsp;&nbsp;&nbsp;&nbsp;<a href=\"https:\/\/aseq-ehaq.ca\/wp-content\/uploads\/2025\/06\/Day-1-Summary_Dr-Audrey-Grant.pdf\" target=\"_blank\" rel=\"noreferrer noopener\">Summary<\/a><\/p>\n\n\n\n<h2 class=\"wp-block-heading\"><\/h2>\n\n\n\n<p><strong>Mast cell activation in MCS<\/strong><\/p>\n\n\n\n<p><strong>Haris Theoharides<\/strong>, <strong>MD,<\/strong> <strong>PhD<\/strong>, Professor and Vice Chair of Clinical Immunology and Director, Institute for Neuro-Immune Medicine-Clearwater, Nova Southeastern University.<\/p>\n\n\n\n<p>Mast cells are present throughout the body, including the brain, and while known for releasing histamine during allergic reactions, they have over 40 receptors and can release up to 350 different active mediators. Their activity can also be heightened by exposure to chemicals, odors, stress, and temperature changes through Corticotropin-Releasing Factor (CRF) secretion from the hypothalamus. Although there are no truly effective mast cell inhibitors, the natural flavonoid luteolin\u2014especially in a liposomal olive oil form (PureLut), has shown greater potency than the drug cromolyn and offers added health benefits.<\/p>\n\n\n\n<p><a href=\"https:\/\/youtu.be\/XW0_zsUpwuA\">Video<\/a>&nbsp;&nbsp;&nbsp;&nbsp;&nbsp;&nbsp;&nbsp;&nbsp;<a href=\"https:\/\/aseq-ehaq.ca\/wp-content\/uploads\/2025\/06\/Day-1-Summary_Dr-Haris-Theoharides.pdf\" target=\"_blank\" rel=\"noreferrer noopener\">Summary<\/a><\/p>\n\n\n\n<h2 class=\"wp-block-heading\"><\/h2>\n\n\n\n<p><strong>Pollution &amp; Chemical Exposure: Shared Exposure Events<\/strong><\/p>\n\n\n\n<p><strong>Shahir Masri<\/strong>, <strong>PhD<\/strong>, Associate Specialist of Air Pollution Exposure Assessment &amp; Epidemiology at the University of California, Irvine.<\/p>\n\n\n\n<p>Toxicant-Induced Loss of Tolerance (TILT) is a two-stage disease mechanism proposed to explain chemical intolerance (CI); less is known about the exposures that initiate the disease, than about the intolerances that have been documented. In this presentation, we review eight major exposure events that preceded the onset of chemical intolerance in groups of individuals sharing the same exposure. We will identify the chemicals and\/or groups of chemicals that were most pervasive during each exposure event, as well as identify the concentrations of key chemicals involved in each exposure event and the proportions of exposed individuals who ultimately developed TILT following exposure. By examining the exposures that underlie major initiating events, we can identify the potential role they play in TILT initiation.<\/p>\n\n\n\n<p><a href=\"https:\/\/youtu.be\/iZDs_Z-RrHI\">Video<\/a>&nbsp;&nbsp;&nbsp;&nbsp;&nbsp;&nbsp;&nbsp;&nbsp;<a href=\"https:\/\/aseq-ehaq.ca\/wp-content\/uploads\/2025\/06\/Day-1-Summary_Dr-Shahir-Masri.pdf\" target=\"_blank\" rel=\"noreferrer noopener\">Summary<\/a><\/p>\n\n\n\n<h2 class=\"wp-block-heading\"><\/h2>\n\n\n\n<p><strong>The Complexities of Environmental Medicine<\/strong><\/p>\n\n\n\n<p><strong>Jennifer Armstrong, MD, <\/strong>Founder and Medical Director at the Ottawa Environmental Health Clinic<\/p>\n\n\n\n<p>This presentation explores how environmental doctors approach complex cases that conventional specialists often struggle to resolve. By assessing the cumulative effects of chemical exposures, food intolerances, heavy metals, and infections on multiple body systems, they provide a more holistic diagnosis. The talk emphasizes personalized, non-pharmaceutical strategies\u2014like lifestyle changes, detoxification, and supplementation\u2014that can significantly improve health and exemplify precision medicine in action.<\/p>\n\n\n\n<p><a href=\"https:\/\/youtu.be\/HqWYFpSsps0\">Video<\/a>\u00a0\u00a0\u00a0\u00a0\u00a0\u00a0\u00a0\u00a0<a href=\"https:\/\/aseq-ehaq.ca\/wp-content\/uploads\/2025\/06\/Day-1-Summary_Dr-Jennifer-Armstrong.pdf\" target=\"_blank\" rel=\"noreferrer noopener\">Summary<\/a><\/p>\n\n\n\n<h2 class=\"wp-block-heading\"><\/h2>\n\n\n\n<p><strong>Panel Discussion: Advancing our Understanding of MCS<\/strong><\/p>\n\n\n\n<p>Topics: Research, Diagnosis, Treatment, Environmental Policies<\/p>\n\n\n\n<ul class=\"wp-block-list\">\n<li><strong>Rohini Peris<\/strong>, President &amp; CEO, Environmental Health Association of Canada, and the Environmental Health Association of Qu\u00e9bec.<\/li>\n\n\n\n<li><strong>John Molot, MD<\/strong>, Environmental Medicine. Adjunct Professor, Faculty of Medicine, University of Ottawa.<\/li>\n\n\n\n<li><strong>Kentaro Watai<\/strong>, <strong>MD, PhD<\/strong>. Professor in the Department of Preventive Medicine at Kindai University, Japan.<\/li>\n\n\n\n<li><strong>Jennifer Armstrong, MD, <\/strong>Founder and Medical Director at the Ottawa Environmental Health Clinic.<\/li>\n\n\n\n<li><strong>Arthur Chan, PhD, <\/strong>Associate Professor at the University of Toronto.<\/li>\n\n\n\n<li><strong>Gail McKeown-Eyssen, PhD,<\/strong> Professor Emerita, Dalla Lana School of Public Health and Department of Nutritional Sciences at the University of Toronto<\/li>\n<\/ul>\n\n\n\n<p><a href=\"https:\/\/youtu.be\/8f7yUM6KTZA\">Video<\/a>&nbsp;&nbsp;&nbsp;&nbsp;&nbsp;&nbsp;&nbsp;&nbsp;<a href=\"https:\/\/aseq-ehaq.ca\/wp-content\/uploads\/2025\/06\/Day-1-Summary_Panel-Discussion.pdf\" target=\"_blank\" rel=\"noreferrer noopener\">Summary<\/a><\/p>\n\n\n\n<h2 class=\"wp-block-heading\"><\/h2>\n\n\n\n<p><strong>Recognition Ceremony<\/strong><\/p>\n\n\n\n<p>The Environmental Health Association of Canada and the Environmental Health Association of Qu\u00e9bec recognize Dr. Jennifer Armstrong and Dr. John Molot for their continued dedication to advancing clinical understanding of Multiple Chemical Sensitivity (MCS). Amidst significant pushback, these physicians have played a vital role in advocating for the inclusion of MCS within medical practice and public health discourse.<\/p>\n\n\n\n<p><strong>Jennifer Armstrong, MD. <\/strong>Founder and Medical Director at the Ottawa Environmental Health Clinic<\/p>\n\n\n\n<p><strong>John Molot, MD<\/strong>. Environmental Medicine. Professeur adjoint, Facult\u00e9 de m\u00e9decine, Universit\u00e9 d&#8217;Ottawa<\/p>\n\n\n\n<p><a href=\"https:\/\/youtu.be\/ikKJPAYC7BE\">Video<\/a><\/p>\n\n\n\n<h2 class=\"wp-block-heading\"><\/h2>\n\n\n\n<p><strong>Conclusion and Next Steps<\/strong><\/p>\n\n\n\n<p><strong>Robert Lattanzio, LL.B.,<\/strong> Lawyer &amp; Executive Director, ARCH Disability Law Center<\/p>\n\n\n\n<p><strong>Rohini Peris<\/strong>, President &amp; CEO, Environmental Health Association of Canada and the Environmental Health Association of Qu\u00e9bec<\/p>\n\n\n\n<p><a href=\"https:\/\/youtu.be\/_Gu5OCYcBjE\">Video<\/a><\/p>\n\n\n\n<p><\/p>\n","protected":false},"excerpt":{"rendered":"<p>RESILIENCE: An International Conference on Multiple Chemical Sensitivity (MCS) Day 1 VIDEOS &amp; SUMMARIES ASL AVAILABLE Date: May 1, 2025 INTRODUCTION: Michel Gaudet, Executive Director of the Environmental Health Association of Canada and the Environmental Health Association of Qu\u00e9bec Rohini Peris, President &amp; CEO, the Environmental Health Association of Canada and the Environmental Health Association of Qu\u00e9bec Caroline Barakat, PhD, [&hellip;]<\/p>\n","protected":false},"author":15,"featured_media":0,"parent":0,"menu_order":0,"comment_status":"closed","ping_status":"closed","template":"","meta":{"footnotes":""},"class_list":["post-16396","page","type-page","status-publish","hentry"],"_links":{"self":[{"href":"https:\/\/aseq-ehaq.ca\/en\/wp-json\/wp\/v2\/pages\/16396","targetHints":{"allow":["GET"]}}],"collection":[{"href":"https:\/\/aseq-ehaq.ca\/en\/wp-json\/wp\/v2\/pages"}],"about":[{"href":"https:\/\/aseq-ehaq.ca\/en\/wp-json\/wp\/v2\/types\/page"}],"author":[{"embeddable":true,"href":"https:\/\/aseq-ehaq.ca\/en\/wp-json\/wp\/v2\/users\/15"}],"replies":[{"embeddable":true,"href":"https:\/\/aseq-ehaq.ca\/en\/wp-json\/wp\/v2\/comments?post=16396"}],"version-history":[{"count":0,"href":"https:\/\/aseq-ehaq.ca\/en\/wp-json\/wp\/v2\/pages\/16396\/revisions"}],"wp:attachment":[{"href":"https:\/\/aseq-ehaq.ca\/en\/wp-json\/wp\/v2\/media?parent=16396"}],"curies":[{"name":"wp","href":"https:\/\/api.w.org\/{rel}","templated":true}]}}