{"id":13255,"date":"2024-06-17T14:44:37","date_gmt":"2024-06-17T18:44:37","guid":{"rendered":"https:\/\/aseq-ehaq.ca\/?page_id=13255"},"modified":"2024-06-19T13:42:02","modified_gmt":"2024-06-19T17:42:02","slug":"aseq-ehaq-wins-the-prix-papillon","status":"publish","type":"page","link":"https:\/\/aseq-ehaq.ca\/en\/aseq-ehaq-wins-the-prix-papillon\/","title":{"rendered":""},"content":{"rendered":"\n<div class=\"wp-block-columns is-layout-flex wp-container-core-columns-is-layout-9d6595d7 wp-block-columns-is-layout-flex\">\n<div class=\"wp-block-column is-layout-flow wp-block-column-is-layout-flow\"><div class=\"wp-block-image\">\n<figure class=\"aligncenter size-full\"><img loading=\"lazy\" decoding=\"async\" width=\"2813\" height=\"788\" src=\"https:\/\/aseq-ehaq.ca\/wp-content\/uploads\/2024\/06\/ASEQ-EHAQ-Wins-Prestigious-Prix-Papillon-for-ECRoB-Initiative-1.png\" alt=\"\" class=\"wp-image-13258\" srcset=\"https:\/\/aseq-ehaq.ca\/wp-content\/uploads\/2024\/06\/ASEQ-EHAQ-Wins-Prestigious-Prix-Papillon-for-ECRoB-Initiative-1.png 2813w, https:\/\/aseq-ehaq.ca\/wp-content\/uploads\/2024\/06\/ASEQ-EHAQ-Wins-Prestigious-Prix-Papillon-for-ECRoB-Initiative-1-300x84.png 300w, https:\/\/aseq-ehaq.ca\/wp-content\/uploads\/2024\/06\/ASEQ-EHAQ-Wins-Prestigious-Prix-Papillon-for-ECRoB-Initiative-1-1024x287.png 1024w, https:\/\/aseq-ehaq.ca\/wp-content\/uploads\/2024\/06\/ASEQ-EHAQ-Wins-Prestigious-Prix-Papillon-for-ECRoB-Initiative-1-768x215.png 768w, https:\/\/aseq-ehaq.ca\/wp-content\/uploads\/2024\/06\/ASEQ-EHAQ-Wins-Prestigious-Prix-Papillon-for-ECRoB-Initiative-1-1536x430.png 1536w, https:\/\/aseq-ehaq.ca\/wp-content\/uploads\/2024\/06\/ASEQ-EHAQ-Wins-Prestigious-Prix-Papillon-for-ECRoB-Initiative-1-2048x574.png 2048w\" sizes=\"auto, (max-width: 2813px) 100vw, 2813px\" \/><\/figure>\n<\/div><\/div>\n<\/div>\n\n\n\n<p><strong>June 15, 2024<\/strong><\/p>\n\n\n\n<p>ASEQ-EHAQ is proud to announce that we have been honoured with the prestigious Prix Papillon in the &#8220;Health&#8221; category for our initiative, Empowering Community and Removal of Barriers (ECRoB). This award, presented by the Conf\u00e9d\u00e9ration des organismes de personnes handicap\u00e9es du Qu\u00e9bec (COPHAN), recognizes our unwavering commitment to creating safer and more accessible environments for individuals with Multiple Chemical sensitivity (MCS).<\/p>\n\n\n\n<p><strong>About the Prix Papillon<\/strong><\/p>\n\n\n\n<p>The Prix Papillon, an annual award by COPHAN, celebrates organizations and individuals who demonstrate exceptional dedication to the inclusion and support of persons with disabilities in our communities. This esteemed accolade highlights initiatives that enhance accessibility, equity, and active participation across all aspects of society.<\/p>\n\n\n\n<p><strong>Our Award-Winning Initiative: ECRoB<\/strong><\/p>\n\n\n\n<div class=\"wp-block-columns is-layout-flex wp-container-core-columns-is-layout-9d6595d7 wp-block-columns-is-layout-flex\">\n<div class=\"wp-block-column is-layout-flow wp-block-column-is-layout-flow\"><div class=\"wp-block-image\">\n<figure class=\"alignleft size-full is-resized\"><img loading=\"lazy\" decoding=\"async\" width=\"2048\" height=\"1536\" src=\"https:\/\/aseq-ehaq.ca\/wp-content\/uploads\/2024\/06\/Untitled-design-32.png\" alt=\"\" class=\"wp-image-13311\" style=\"width:479px;height:auto\" srcset=\"https:\/\/aseq-ehaq.ca\/wp-content\/uploads\/2024\/06\/Untitled-design-32.png 2048w, https:\/\/aseq-ehaq.ca\/wp-content\/uploads\/2024\/06\/Untitled-design-32-300x225.png 300w, https:\/\/aseq-ehaq.ca\/wp-content\/uploads\/2024\/06\/Untitled-design-32-1024x768.png 1024w, https:\/\/aseq-ehaq.ca\/wp-content\/uploads\/2024\/06\/Untitled-design-32-768x576.png 768w, https:\/\/aseq-ehaq.ca\/wp-content\/uploads\/2024\/06\/Untitled-design-32-1536x1152.png 1536w\" sizes=\"auto, (max-width: 2048px) 100vw, 2048px\" \/><\/figure>\n<\/div>\n\n\n<div class=\"wp-block-columns is-layout-flex wp-container-core-columns-is-layout-9d6595d7 wp-block-columns-is-layout-flex\">\n<div class=\"wp-block-column is-layout-flow wp-block-column-is-layout-flow\">\n<p>The Empowering Community and Removal of Barriers (ECRoB) initiative is a testament to ASEQ-EHAQ&#8217;s vision of an inclusive and supportive society free from barriers. ECRoB focuses on making environments safer and more accessible for people with MCS, ensuring they can live and participate fully in all areas of life.<\/p>\n<\/div>\n<\/div>\n<\/div>\n<\/div>\n\n\n\n<hr class=\"wp-block-separator has-alpha-channel-opacity\"\/>\n\n\n\n<div class=\"wp-block-columns is-layout-flex wp-container-core-columns-is-layout-9d6595d7 wp-block-columns-is-layout-flex\">\n<div class=\"wp-block-column is-layout-flow wp-block-column-is-layout-flow\">\n<figure class=\"wp-block-image size-large\"><img loading=\"lazy\" decoding=\"async\" width=\"768\" height=\"1024\" src=\"https:\/\/aseq-ehaq.ca\/wp-content\/uploads\/2024\/06\/LLLUntitled-design-34-1-768x1024.png\" alt=\"\" class=\"wp-image-13398\" srcset=\"https:\/\/aseq-ehaq.ca\/wp-content\/uploads\/2024\/06\/LLLUntitled-design-34-1-768x1024.png 768w, https:\/\/aseq-ehaq.ca\/wp-content\/uploads\/2024\/06\/LLLUntitled-design-34-1-225x300.png 225w, https:\/\/aseq-ehaq.ca\/wp-content\/uploads\/2024\/06\/LLLUntitled-design-34-1-1152x1536.png 1152w, https:\/\/aseq-ehaq.ca\/wp-content\/uploads\/2024\/06\/LLLUntitled-design-34-1.png 1536w\" sizes=\"auto, (max-width: 768px) 100vw, 768px\" \/><\/figure>\n<\/div>\n\n\n\n<div class=\"wp-block-column is-layout-flow wp-block-column-is-layout-flow\">\n<figure class=\"wp-block-image size-large\"><img loading=\"lazy\" decoding=\"async\" width=\"1024\" height=\"963\" src=\"https:\/\/aseq-ehaq.ca\/wp-content\/uploads\/2024\/06\/2IMG_8614-2-1024x963.jpg\" alt=\"\" class=\"wp-image-13400\" srcset=\"https:\/\/aseq-ehaq.ca\/wp-content\/uploads\/2024\/06\/2IMG_8614-2-1024x963.jpg 1024w, https:\/\/aseq-ehaq.ca\/wp-content\/uploads\/2024\/06\/2IMG_8614-2-300x282.jpg 300w, https:\/\/aseq-ehaq.ca\/wp-content\/uploads\/2024\/06\/2IMG_8614-2-768x722.jpg 768w, https:\/\/aseq-ehaq.ca\/wp-content\/uploads\/2024\/06\/2IMG_8614-2-1536x1444.jpg 1536w, https:\/\/aseq-ehaq.ca\/wp-content\/uploads\/2024\/06\/2IMG_8614-2-2048x1925.jpg 2048w\" sizes=\"auto, (max-width: 1024px) 100vw, 1024px\" \/><\/figure>\n<\/div>\n\n\n\n<div class=\"wp-block-column is-layout-flow wp-block-column-is-layout-flow\">\n<figure class=\"wp-block-image size-large is-resized\"><img loading=\"lazy\" decoding=\"async\" width=\"1024\" height=\"768\" src=\"https:\/\/aseq-ehaq.ca\/wp-content\/uploads\/2024\/06\/tdyUntitled-design-33-1-1024x768.png\" alt=\"\" class=\"wp-image-13402\" style=\"width:405px;height:auto\" srcset=\"https:\/\/aseq-ehaq.ca\/wp-content\/uploads\/2024\/06\/tdyUntitled-design-33-1-1024x768.png 1024w, https:\/\/aseq-ehaq.ca\/wp-content\/uploads\/2024\/06\/tdyUntitled-design-33-1-300x225.png 300w, https:\/\/aseq-ehaq.ca\/wp-content\/uploads\/2024\/06\/tdyUntitled-design-33-1-768x576.png 768w, https:\/\/aseq-ehaq.ca\/wp-content\/uploads\/2024\/06\/tdyUntitled-design-33-1-1536x1152.png 1536w, https:\/\/aseq-ehaq.ca\/wp-content\/uploads\/2024\/06\/tdyUntitled-design-33-1.png 2048w\" sizes=\"auto, (max-width: 1024px) 100vw, 1024px\" \/><\/figure>\n<\/div>\n<\/div>\n\n\n\n<hr class=\"wp-block-separator has-alpha-channel-opacity\"\/>\n\n\n\n<p><strong>Our Gratitude<\/strong><\/p>\n\n\n\n<p>We extend our heartfelt thanks to COPHAN for this recognition. This award brings to light our dedication to advocating for and supporting individuals with MCS. We are also immensely grateful to our partners, members, volunteers, the ASEQ-EHAQ team, and allies who have supported us in this journey. Together, we continue to work towards a more inclusive and accessible world.<\/p>\n\n\n\n<p>For more information about the Prix Papillon, visit the COPHAN Prix Papillon page.<br><a href=\"https:\/\/cophan.org\/2024\/06\/devoilement-des-recipiendaires-des-prix-papillon\">https:\/\/cophan.org\/2024\/06\/devoilement-des-recipiendaires-des-prix-papillon<\/a><\/p>\n\n\n\n<p><\/p>\n","protected":false},"excerpt":{"rendered":"<p>June 15, 2024 ASEQ-EHAQ is proud to announce that we have been honoured with the prestigious Prix Papillon in the &#8220;Health&#8221; category for our initiative, Empowering Community and Removal of Barriers (ECRoB). This award, presented by the Conf\u00e9d\u00e9ration des organismes de personnes handicap\u00e9es du Qu\u00e9bec (COPHAN), recognizes our unwavering commitment to creating safer and more accessible environments for individuals with [&hellip;]<\/p>\n","protected":false},"author":6,"featured_media":0,"parent":0,"menu_order":0,"comment_status":"closed","ping_status":"closed","template":"","meta":{"footnotes":""},"class_list":["post-13255","page","type-page","status-publish","hentry"],"_links":{"self":[{"href":"https:\/\/aseq-ehaq.ca\/en\/wp-json\/wp\/v2\/pages\/13255","targetHints":{"allow":["GET"]}}],"collection":[{"href":"https:\/\/aseq-ehaq.ca\/en\/wp-json\/wp\/v2\/pages"}],"about":[{"href":"https:\/\/aseq-ehaq.ca\/en\/wp-json\/wp\/v2\/types\/page"}],"author":[{"embeddable":true,"href":"https:\/\/aseq-ehaq.ca\/en\/wp-json\/wp\/v2\/users\/6"}],"replies":[{"embeddable":true,"href":"https:\/\/aseq-ehaq.ca\/en\/wp-json\/wp\/v2\/comments?post=13255"}],"version-history":[{"count":0,"href":"https:\/\/aseq-ehaq.ca\/en\/wp-json\/wp\/v2\/pages\/13255\/revisions"}],"wp:attachment":[{"href":"https:\/\/aseq-ehaq.ca\/en\/wp-json\/wp\/v2\/media?parent=13255"}],"curies":[{"name":"wp","href":"https:\/\/api.w.org\/{rel}","templated":true}]}}