{"id":11281,"date":"2024-02-16T16:18:18","date_gmt":"2024-02-16T21:18:18","guid":{"rendered":"https:\/\/aseq-ehaq.ca\/?page_id=11281"},"modified":"2024-03-05T19:56:16","modified_gmt":"2024-03-06T00:56:16","slug":"webinar-improving-indoor-air-quality-2","status":"publish","type":"page","link":"https:\/\/aseq-ehaq.ca\/en\/webinar-improving-indoor-air-quality-2\/","title":{"rendered":"Webinar \u2013 Improving Indoor Air Quality"},"content":{"rendered":"\n<p><strong>WEBINAR <\/strong>\u2013 March 21, 2024, from 1 to 4 pm<\/p>\n\n\n\n<p><strong>IMPROVING INDOOR AIR QUALITY: A CONFERENCE ON HEALTHY LIVING AND MOULD PREVENTION<\/strong><\/p>\n\n\n\n<figure class=\"wp-block-table\"><table><tbody><tr><td><\/td><\/tr><\/tbody><\/table><\/figure>\n\n\n\n<p><strong>IN COLLABORATION WITH<\/strong><\/p>\n\n\n\n<div class=\"wp-block-columns is-layout-flex wp-container-core-columns-is-layout-9d6595d7 wp-block-columns-is-layout-flex\">\n<div class=\"wp-block-column is-vertically-aligned-center is-layout-flow wp-block-column-is-layout-flow\">\n<figure class=\"wp-block-image size-full\"><img loading=\"lazy\" decoding=\"async\" width=\"214\" height=\"69\" src=\"https:\/\/aseq-ehaq.ca\/wp-content\/uploads\/2024\/02\/image.png\" alt=\"\" class=\"wp-image-11271\"\/><\/figure>\n<\/div>\n\n\n\n<div class=\"wp-block-column is-vertically-aligned-center is-layout-flow wp-block-column-is-layout-flow\">\n<figure class=\"wp-block-image size-full\"><img loading=\"lazy\" decoding=\"async\" width=\"692\" height=\"692\" src=\"https:\/\/aseq-ehaq.ca\/wp-content\/uploads\/2024\/02\/image-1.png\" alt=\"\" class=\"wp-image-11273\" srcset=\"https:\/\/aseq-ehaq.ca\/wp-content\/uploads\/2024\/02\/image-1.png 692w, https:\/\/aseq-ehaq.ca\/wp-content\/uploads\/2024\/02\/image-1-300x300.png 300w, https:\/\/aseq-ehaq.ca\/wp-content\/uploads\/2024\/02\/image-1-150x150.png 150w\" sizes=\"auto, (max-width: 692px) 100vw, 692px\" \/><\/figure>\n<\/div>\n\n\n\n<div class=\"wp-block-column is-vertically-aligned-center is-layout-flow wp-block-column-is-layout-flow\">\n<figure class=\"wp-block-image size-full\"><img loading=\"lazy\" decoding=\"async\" width=\"305\" height=\"71\" src=\"https:\/\/aseq-ehaq.ca\/wp-content\/uploads\/2024\/02\/image-2.png\" alt=\"\" class=\"wp-image-11275\" srcset=\"https:\/\/aseq-ehaq.ca\/wp-content\/uploads\/2024\/02\/image-2.png 305w, https:\/\/aseq-ehaq.ca\/wp-content\/uploads\/2024\/02\/image-2-300x71.png 300w\" sizes=\"auto, (max-width: 305px) 100vw, 305px\" \/><\/figure>\n<\/div>\n<\/div>\n\n\n\n<figure class=\"wp-block-table\"><table><tbody><tr><td><\/td><\/tr><\/tbody><\/table><\/figure>\n\n\n\n<p><span style=\"color: #0d0d0d;\"><b>Registration: <\/b><\/span><a href=\"https:\/\/us02web.zoom.us\/meeting\/register\/tZUtfuqhpzgtE9N6wyrMSMNxFFmPk99Knl4J\"><span style=\"color: #0563c1;\"><u><b>https:\/\/us02web.zoom.us\/meeting\/register\/tZUtfuqhpzgtE9N6wyrMSMNxFFmPk99Knl4J<\/b><\/u><\/span><\/a><b> <\/b><\/p>\n\n\n\n<p><strong>Speakers: <\/strong>John Molot MD, Eddy Hunter, Diane Bastien, Michel Gaudet, Pierre-Luc Fr\u00e9chette, Philippe Fortin<\/p>\n\n\n\n<p>Click on the buttons below to see more information about our workshop: <br><\/p>\n\n\n\n<div class=\"wp-block-columns is-layout-flex wp-container-core-columns-is-layout-9d6595d7 wp-block-columns-is-layout-flex\">\n<div class=\"wp-block-column is-layout-flow wp-block-column-is-layout-flow\">\n<figure class=\"wp-block-image size-full is-resized\"><a href=\"https:\/\/aseq-ehaq.ca\/wp-content\/uploads\/2024\/03\/Speaker-List-English.docx.pdf\" target=\"_blank\" rel=\"noreferrer noopener\"><img loading=\"lazy\" decoding=\"async\" width=\"400\" height=\"125\" src=\"https:\/\/aseq-ehaq.ca\/wp-content\/uploads\/2024\/03\/EN_Ameliorer-la-Qualite-de-lAir-Interieur-Une-Conference-sur-la-Vie-Saine-et-la-Prevention-de-la-Moisissure-2.png\" alt=\"\" class=\"wp-image-11618\" style=\"width:410px;height:auto\" srcset=\"https:\/\/aseq-ehaq.ca\/wp-content\/uploads\/2024\/03\/EN_Ameliorer-la-Qualite-de-lAir-Interieur-Une-Conference-sur-la-Vie-Saine-et-la-Prevention-de-la-Moisissure-2.png 400w, https:\/\/aseq-ehaq.ca\/wp-content\/uploads\/2024\/03\/EN_Ameliorer-la-Qualite-de-lAir-Interieur-Une-Conference-sur-la-Vie-Saine-et-la-Prevention-de-la-Moisissure-2-300x94.png 300w\" sizes=\"auto, (max-width: 400px) 100vw, 400px\" \/><\/a><\/figure>\n<\/div>\n\n\n\n<div class=\"wp-block-column is-layout-flow wp-block-column-is-layout-flow\">\n<figure class=\"wp-block-image size-full is-resized\"><a href=\"https:\/\/aseq-ehaq.ca\/wp-content\/uploads\/2024\/03\/Agenda-English.docx.pdf\" target=\"_blank\" rel=\"noreferrer noopener\"><img loading=\"lazy\" decoding=\"async\" width=\"320\" height=\"100\" src=\"https:\/\/aseq-ehaq.ca\/wp-content\/uploads\/2024\/03\/Press-release-5.png\" alt=\"\" class=\"wp-image-11642\" style=\"width:413px;height:auto\" srcset=\"https:\/\/aseq-ehaq.ca\/wp-content\/uploads\/2024\/03\/Press-release-5.png 320w, https:\/\/aseq-ehaq.ca\/wp-content\/uploads\/2024\/03\/Press-release-5-300x94.png 300w\" sizes=\"auto, (max-width: 320px) 100vw, 320px\" \/><\/a><\/figure>\n<\/div>\n\n\n\n<div class=\"wp-block-column is-layout-flow wp-block-column-is-layout-flow\"><\/div>\n<\/div>\n\n\n\n<p><\/p>\n\n\n\n<p><span style=\"color: #0d0d0d;\">Join us on March 21st from 1:00 to 4:00 PM (EST) for a webinar titled \u201cImproving Indoor Air Quality: A Conference on Healthy Living and Mold Prevention\u201d. This event is organized by the Environmental Health Association of Quebec in collaboration with the Environmental Health Association of Canada, La Conf\u00e9d\u00e9ration des organismes de personnes handicap\u00e9es du Qu\u00e9bec (COPHAN), and funded in part by the Soci\u00e9t\u00e9 d\u2019habitation du Qu\u00e9bec (SHQ).<\/span><\/p>\n\n\n\n<p><span style=\"color: #0d0d0d;\"><b>Description<\/b><\/span><\/p>\n\n\n\n<p>Our webinar will explore crucial topics at the intersection of indoor air quality, human health, and environmental sustainability. Indoor air, often surpassing outdoor pollution levels, poses significant health concerns. We&#8217;ll discuss the importance of informed decisions in both building practices and product selection to benefit individuals and the environment. Discussions will include chronic conditions related to indoor air quality, regulatory insights from the city of Montreal on mold, guidance on selecting healthy products, and innovative construction practices prioritizing least toxic materials for health and mold prevention. Additionally, we&#8217;ll present the Ecoasis project\u2014a pioneering initiative creating 40 affordable housing units tailored for individuals living with MCS.<\/p>\n\n\n\n<p>Chronic exposures to air pollution is already recognized as a major risk factor for developing or exacerbating many chronic diseases. Exposures to air pollution mainly occur indoors where Canadians spend 90% of their time and where chemical exposures are higher. And due to the effects of climate change, we are now experiencing more frequent and extreme weather events, hotter and longer-lasting heat waves, and more air pollution, especially from wildfires. There is an urgent need for the built environment to adapt accordingly. We need better protection from outdoor air pollution, reduced indoor contamination from building products, better indoor environment temperature control but with reduced energy consumption, and protection from water damage from extreme weather events, flooding, rain penetration, and indoor humidity and condensation.<\/p>\n\n\n\n<p><span style=\"color: #0d0d0d;\">Our esteemed panel of speakers brings a wealth of expertise to the discussion:<\/span><\/p>\n\n\n\n<ul class=\"wp-block-list\">\n<li>Dr. John Molot, a specialist in environmental medicine, will provide insights into air quality-related illnesses and sources of contamination of the indoor air environment.<\/li>\n\n\n\n<li>Eddy Hunter, an Urban Planning Advisor from the City of Montreal, will share expertise on managing regulated contaminants and mold management in housing projects.&nbsp;<\/li>\n\n\n\n<li>Diane Bastien, Director of the environmental inspection firm Living Buildings, will discuss eco-friendly building practices and healthy living environments.<\/li>\n\n\n\n<li>Michel Gaudet will offer guidance on selecting healthy products and living mold-free, drawing from decades of experience in environmental health advocacy.<\/li>\n\n\n\n<li>Me. Pierre-Luc Fr\u00e9chette<strong> <\/strong>will cover the normative framework of housing policies and its impact on the inclusion of people with disabilities and on indoor air quality in residential living environments.<\/li>\n\n\n\n<li>Philippe Fortin, co-founder of HECO Hemp Innovation, will discuss innovative building materials for healthier indoor environments.<\/li>\n<\/ul>\n\n\n\n<p>Designed for a diverse audience including government officials, industry professionals, architects, NGOs, and the general public, our webinar aims to spark dialogue and collaboration to drive positive change. By addressing these issues together, we can work towards creating healthier indoor spaces that benefit both people and the planet.<\/p>\n\n\n\n<p>Don&#8217;t miss this opportunity to gain valuable insights and actionable strategies for promoting indoor air quality and sustainability. Register now to reserve your spot and join us on March 21st. Together, let&#8217;s pave the way towards a healthier and more sustainable future.<\/p>\n","protected":false},"excerpt":{"rendered":"<p>WEBINAR \u2013 March 21, 2024, from 1 to 4 pm IMPROVING INDOOR AIR QUALITY: A CONFERENCE ON HEALTHY LIVING AND MOULD PREVENTION IN COLLABORATION WITH Registration: https:\/\/us02web.zoom.us\/meeting\/register\/tZUtfuqhpzgtE9N6wyrMSMNxFFmPk99Knl4J Speakers: John Molot MD, Eddy Hunter, Diane Bastien, Michel Gaudet, Pierre-Luc Fr\u00e9chette, Philippe Fortin Click on the buttons below to see more information about our workshop: Join us on March 21st from 1:00 [&hellip;]<\/p>\n","protected":false},"author":15,"featured_media":0,"parent":0,"menu_order":0,"comment_status":"closed","ping_status":"closed","template":"","meta":{"footnotes":""},"class_list":["post-11281","page","type-page","status-publish","hentry"],"_links":{"self":[{"href":"https:\/\/aseq-ehaq.ca\/en\/wp-json\/wp\/v2\/pages\/11281","targetHints":{"allow":["GET"]}}],"collection":[{"href":"https:\/\/aseq-ehaq.ca\/en\/wp-json\/wp\/v2\/pages"}],"about":[{"href":"https:\/\/aseq-ehaq.ca\/en\/wp-json\/wp\/v2\/types\/page"}],"author":[{"embeddable":true,"href":"https:\/\/aseq-ehaq.ca\/en\/wp-json\/wp\/v2\/users\/15"}],"replies":[{"embeddable":true,"href":"https:\/\/aseq-ehaq.ca\/en\/wp-json\/wp\/v2\/comments?post=11281"}],"version-history":[{"count":0,"href":"https:\/\/aseq-ehaq.ca\/en\/wp-json\/wp\/v2\/pages\/11281\/revisions"}],"wp:attachment":[{"href":"https:\/\/aseq-ehaq.ca\/en\/wp-json\/wp\/v2\/media?parent=11281"}],"curies":[{"name":"wp","href":"https:\/\/api.w.org\/{rel}","templated":true}]}}