{"id":11239,"date":"2024-02-15T15:39:38","date_gmt":"2024-02-15T20:39:38","guid":{"rendered":"https:\/\/aseq-ehaq.ca\/?page_id=11239"},"modified":"2024-02-29T15:14:07","modified_gmt":"2024-02-29T20:14:07","slug":"ecrob-project-legal-outreach-for-the-disability-of-mcs","status":"publish","type":"page","link":"https:\/\/aseq-ehaq.ca\/en\/ecrob-project-legal-outreach-for-the-disability-of-mcs\/","title":{"rendered":"ECRoB Project Legal Outreach for the Disability of MCS"},"content":{"rendered":"\n<p class=\"has-text-align-center\"><span style=\"color: #000000;\"><span style=\"font-family: Calibri, serif;\"><span style=\"font-size: x-large;\"><b>ECRoB Project Legal Outreach for the Disability of MCS<\/b><\/span><\/span><\/span><\/p>\n\n\n\n<p class=\"has-text-align-center\"><span style=\"font-size: large;\"><b>Training eligibility has been confirmed by the Qu\u00e9bec Bar (<\/b><i><b>Barreau du Qu\u00e9bec<\/b><\/i><b>) for the purposes of mandatory continuing education, for a duration of 2 \u00bd hours.<\/b><\/span><\/p>\n\n\n\n<p><\/p>\n\n\n\n<div class=\"wp-block-columns is-layout-flex wp-container-core-columns-is-layout-9d6595d7 wp-block-columns-is-layout-flex\">\n<div class=\"wp-block-column is-layout-flow wp-block-column-is-layout-flow\">\n<figure class=\"wp-block-image size-full is-resized\"><a href=\"https:\/\/aseq-ehaq.ca\/en\/press-release\/\" target=\"_blank\" rel=\"noreferrer noopener\"><img loading=\"lazy\" decoding=\"async\" width=\"400\" height=\"125\" src=\"https:\/\/aseq-ehaq.ca\/wp-content\/uploads\/2024\/02\/Press-release-1.png\" alt=\"\" class=\"wp-image-11575\" style=\"width:373px;height:auto\" srcset=\"https:\/\/aseq-ehaq.ca\/wp-content\/uploads\/2024\/02\/Press-release-1.png 400w, https:\/\/aseq-ehaq.ca\/wp-content\/uploads\/2024\/02\/Press-release-1-300x94.png 300w\" sizes=\"auto, (max-width: 400px) 100vw, 400px\" \/><\/a><\/figure>\n<\/div>\n\n\n\n<div class=\"wp-block-column is-layout-flow wp-block-column-is-layout-flow\"><\/div>\n\n\n\n<div class=\"wp-block-column is-layout-flow wp-block-column-is-layout-flow\"><\/div>\n<\/div>\n\n\n\n<p><span style=\"color: #000000;\"><span style=\"font-family: Calibri, serif;\"><span style=\"font-size: large;\"><strong><a href=\"https:\/\/aseq-ehaq.ca\/pdf\/Workshop-Details-Quebec-Feb-29-2024.pdf\">DESCRIPTION AND AGENDA<\/a><\/strong><\/span><\/span><\/span><\/p>\n\n\n\n<p><span style=\"color: #0e101a;\"><span style=\"font-family: Calibri, serif;\"><span style=\"font-size: large;\"><b>Workshop: <\/b><\/span><\/span><\/span><span style=\"color: #2f5496;\"><span style=\"font-family: Calibri, serif;\"><span style=\"font-size: large;\"><b>Accessible justice and human rights for persons with Multiple Chemical Sensitivity (MCS)<\/b><\/span><\/span><\/span><\/p>\n\n\n\n<p><span style=\"color: #0e101a;\"><span style=\"font-family: Calibri, serif;\"><span style=\"font-size: large;\"><b>Date: February 29, 2024<\/b><\/span><\/span><\/span><\/p>\n\n\n\n<p><span style=\"color: #0e101a;\"><span style=\"font-family: Calibri, serif;\"><span style=\"font-size: large;\"><b>Time: 5:00 PM \u2013 7:30 PM EST<\/b><\/span><\/span><\/span><\/p>\n\n\n\n<p><span style=\"color: #0e101a;\"><span style=\"font-family: Calibri, serif;\"><span style=\"font-size: large;\"><b>Link to register:<\/b><\/span><\/span><\/span> <a href=\"https:\/\/us02web.zoom.us\/meeting\/register\/tZYpdeivpzotE9YaZS3FsWZFXPP6MjIHz_ut\">https:\/\/us02web.zoom.us\/meeting\/register\/tZYpdeivpzotE9YaZS3FsWZFXPP6MjIHz_ut<\/a><\/p>\n\n\n\n<p><span style=\"color: #0e101a;\"><span style=\"font-family: Calibri, serif;\"><span style=\"font-size: medium;\"><b>SIMULTANEOUS TRANSLATION &amp; LSQ INTERPRETATION AVAILABLE<\/b><\/span><\/span><\/span><\/p>\n\n\n\n<p class=\"has-black-color has-text-color has-link-color wp-elements-ea85c72d0114f20fb33b061cf5ec7305\"><strong>Click on the button below to watch the interview with our esteemed panelist<\/strong>: <\/p>\n\n\n\n<div class=\"wp-block-columns is-layout-flex wp-container-core-columns-is-layout-9d6595d7 wp-block-columns-is-layout-flex\">\n<div class=\"wp-block-column is-layout-flow wp-block-column-is-layout-flow\">\n<figure class=\"wp-block-image size-full is-resized\"><a href=\"https:\/\/youtube.com\/shorts\/l69SqP0w1kU?si=emti2TWopL5t0ND0\" target=\"_blank\" rel=\"noreferrer noopener\"><img loading=\"lazy\" decoding=\"async\" width=\"480\" height=\"150\" src=\"https:\/\/aseq-ehaq.ca\/wp-content\/uploads\/2024\/02\/Take-the-Survey-Button-21-1.png\" alt=\"\" class=\"wp-image-11551\" style=\"width:386px;height:auto\" srcset=\"https:\/\/aseq-ehaq.ca\/wp-content\/uploads\/2024\/02\/Take-the-Survey-Button-21-1.png 480w, https:\/\/aseq-ehaq.ca\/wp-content\/uploads\/2024\/02\/Take-the-Survey-Button-21-1-300x94.png 300w\" sizes=\"auto, (max-width: 480px) 100vw, 480px\" \/><\/a><\/figure>\n<\/div>\n\n\n\n<div class=\"wp-block-column is-layout-flow wp-block-column-is-layout-flow\">\n<figure class=\"wp-block-image size-full is-resized\"><a href=\"https:\/\/youtube.com\/shorts\/phPMaQbUnp4?feature=share\" target=\"_blank\" rel=\"noreferrer noopener\"><img loading=\"lazy\" decoding=\"async\" width=\"480\" height=\"150\" src=\"https:\/\/aseq-ehaq.ca\/wp-content\/uploads\/2024\/02\/Take-the-Survey-Button-22-1.png\" alt=\"\" class=\"wp-image-11602\" style=\"width:397px;height:auto\" srcset=\"https:\/\/aseq-ehaq.ca\/wp-content\/uploads\/2024\/02\/Take-the-Survey-Button-22-1.png 480w, https:\/\/aseq-ehaq.ca\/wp-content\/uploads\/2024\/02\/Take-the-Survey-Button-22-1-300x94.png 300w\" sizes=\"auto, (max-width: 480px) 100vw, 480px\" \/><\/a><\/figure>\n<\/div>\n\n\n\n<div class=\"wp-block-column is-layout-flow wp-block-column-is-layout-flow\">\n<figure class=\"wp-block-image size-full is-resized\"><a href=\"https:\/\/youtube.com\/shorts\/3yooBU48aDk?feature=share\" target=\"_blank\" rel=\"noreferrer noopener\"><img loading=\"lazy\" decoding=\"async\" width=\"480\" height=\"150\" src=\"https:\/\/aseq-ehaq.ca\/wp-content\/uploads\/2024\/02\/Video-interview-with-Lawyer-Julius-H.-Grey-1.png\" alt=\"\" class=\"wp-image-11577\" style=\"width:387px;height:auto\" srcset=\"https:\/\/aseq-ehaq.ca\/wp-content\/uploads\/2024\/02\/Video-interview-with-Lawyer-Julius-H.-Grey-1.png 480w, https:\/\/aseq-ehaq.ca\/wp-content\/uploads\/2024\/02\/Video-interview-with-Lawyer-Julius-H.-Grey-1-300x94.png 300w\" sizes=\"auto, (max-width: 480px) 100vw, 480px\" \/><\/a><\/figure>\n<\/div>\n<\/div>\n\n\n\n<p><span style=\"color: #0000ff;\"><a href=\"https:\/\/aseq-ehaq.ca\/wp-content\/uploads\/2024\/01\/Speakers_Quebec_Feb292024-1.pdf\"><span style=\"font-family: Calibri, serif;\"><span style=\"font-size: large;\"><strong>SPEAKERS<\/strong><\/span><\/span><\/a><\/span><\/p>\n\n\n\n<p><span style=\"color: #0e101a;\"><span style=\"font-family: Calibri, serif;\"><span style=\"font-size: large;\">Please click on the link below to learn more about our legal project, speakers, partners, and upcoming legal events across Canada:<\/span><\/span><\/span> <a href=\"https:\/\/aseq-ehaq.ca\/en\/legal-events-across-canada\/\">https:\/\/aseq-ehaq.ca\/en\/legal-events-across-canada\/<\/a><\/p>\n\n\n\n<p><span style=\"color: #0e101a;\"><span style=\"font-family: Calibri, serif;\"><span style=\"font-size: large;\"><u><b>DESCRIPTION<\/b><\/u><\/span><\/span><\/span><\/p>\n\n\n\n<p><span style=\"color: #0e101a;\"><span style=\"font-family: Calibri, serif;\"><span style=\"font-size: medium;\"><b>Who is this event for?<\/b><\/span><\/span><\/span><\/p>\n\n\n\n<p><span style=\"color: #0e101a;\"><span style=\"font-family: Calibri, serif;\"><span style=\"font-size: medium;\">Given the increasing prevalence of MCS and the barriers people with MCS experience accessing legal support, this event is for all legal professionals to assist in removing barriers, providing appropriate support, and improving access to justice and human rights. <\/span><\/span><\/span><\/p>\n\n\n\n<p><span style=\"font-family: Calibri, serif;\"><span style=\"font-size: medium;\"><b>About the event:<\/b><\/span><\/span><\/p>\n\n\n\n<p><span style=\"color: #0e101a;\"><span style=\"font-family: Calibri, serif;\"><span style=\"font-size: medium;\">People with MCS face many barriers to accessing justice because the disability is not well known. They are our family members, colleagues, neighbors, and friends. Each one is entitled to the same rights and protections as everyone else. However, many individuals with disabilities continue to face stigma, exclusion and barriers that hold them back from succeeding in our society. The event reflects ongoing efforts to become a better, more accessible, and inclusive society, and offers the possibility to discuss legal aspects related to access to justice, in order to advance equity, diversity, and inclusion within the legal profession. The presentation will cover both the medical and legal aspects of MCS, including lived experience of the condition and human rights specific to each province across Canada. <\/span><\/span><\/span><\/p>\n\n\n\n<p><span style=\"color: #0e101a;\"><span style=\"font-family: Calibri, serif;\"><span style=\"font-size: medium;\">We have requested the participation of the Canadian Law Societies in these events. The project\u2019s first partnership with a regulating body of legal practitioners began with the Law Society of Ontario in delivering an event on May 31st, 2023, titled National AccessAbility Week 2023. The recording of that program is available here:&nbsp;<\/span><\/span><\/span><span style=\"color: #000000;\"><span style=\"font-family: Calibri, serif;\"><span style=\"font-size: medium;\"><b>&nbsp;<\/b><\/span><\/span><\/span><a href=\"https:\/\/lso.freestonelms.com\/viewer\/eyJ0eXAiOiJKV1QiLCJhbGciOiJIUzI1NiJ9.eyJjaGFwdGVySUQiOjQ1NDIwNywiY3VzdG9tZXJJRCI6MTEzMTEzMjR9.WKvzEKID_C9zYtZK8wp7Qslw0UfngmjxXRmU8b-zgdg\"><span style=\"color: #3366ff;\"><span style=\"font-family: Calibri, serif;\"><span style=\"font-size: medium;\"><u>Law Society of Ontario \u2013 ARCH Archived Webcast<\/u><\/span><\/span><\/span><\/a><span style=\"color: #000000;\"><span style=\"font-family: Calibri, serif;\"><span style=\"font-size: medium;\">.<\/span><\/span><\/span><span style=\"color: #0e101a;\"><span style=\"font-family: Calibri, serif;\"><span style=\"font-size: medium;\"> The event reached over 1000 participants, including legal professionals.<\/span><\/span><\/span><\/p>\n\n\n\n<p><span style=\"color: #0e101a;\"><span style=\"font-family: Calibri, serif;\"><span style=\"font-size: medium;\">Hosted by the Environmental Health Association of Quebec (EHAQ), the Environmental Health Association of Canada (EHAC), in partnership with the ARCH Disability Law Centre, La Conf\u00e9d\u00e9ration des organismes de personnes handicap\u00e9es du Qu\u00e9bec (COPHAN), Indigenous Disability Canada\/British Columbia Aboriginal Network on Disability Society (BCANDS), NB Lung, the Council of Canadians with Disabilities and Spinal Cord Injury Canada, this event will focus on providing insights into the current state of the law regarding MCS, with an emphasis on human rights issues and legal resources available for people with the disability of MCS.<\/span><\/span><\/span><\/p>\n\n\n\n<p><span style=\"color: #0e101a;\"><span style=\"font-family: Calibri, serif;\"><span style=\"font-size: x-large;\"><u><b>WORKSHOP AGENDA<\/b><\/u><\/span><\/span><\/span><\/p>\n\n\n\n<p><span style=\"color: #0e101a;\"><span style=\"font-size: medium;\"><b>5:00 PM <\/b><\/span><\/span><span style=\"color: #000000;\"><span style=\"font-size: medium;\"><b>&#8211; 5:15 PM INTRODUCTION<\/b><\/span><\/span><\/p>\n\n\n\n<p><span style=\"color: #0e101a;\"><span style=\"font-size: medium;\"><b>Michel Gaudet<\/b><\/span><\/span><span style=\"color: #0e101a;\"><span style=\"font-size: medium;\">, Executive Director, Environmental Health Associations of Qu\u00e9bec and Canada (EHAQ, EHAC).<\/span><\/span><\/p>\n\n\n\n<p><span style=\"color: #0e101a;\"><span style=\"font-size: medium;\"><span lang=\"fr-FR\"><b>Andr\u00e9 Pr\u00e9vost<\/b><\/span><\/span><\/span><span style=\"color: #0e101a;\"><span style=\"font-size: medium;\"><span lang=\"fr-FR\">, <\/span><\/span><\/span><span style=\"color: #000000;\"><span style=\"font-size: medium;\"><span lang=\"fr-FR\">Strategic Counselor and <\/span><\/span><\/span><span style=\"color: #0e101a;\"><span style=\"font-size: medium;\"><span lang=\"fr-FR\">C<\/span><\/span><\/span><span style=\"color: #000000;\"><span style=\"font-size: medium;\"><span lang=\"fr-FR\">oordinator<\/span><\/span><\/span><span style=\"color: #0e101a;\"><span style=\"font-size: medium;\"><span lang=\"fr-FR\">, La Conf\u00e9d\u00e9ration des organismes de personnes handicap\u00e9es du Qu\u00e9bec (COPHAN).<\/span><\/span><\/span><\/p>\n\n\n\n<p><span style=\"color: #000000;\"><span style=\"font-size: medium;\"><span lang=\"fr-CA\"><b>Lawyer Philippe Andr\u00e9 Tessier<\/b><\/span><\/span><\/span><span style=\"color: #000000;\"><span style=\"font-size: medium;\"><span lang=\"fr-CA\"> &#8211; President<\/span><\/span><\/span><span style=\"color: #000000;\"><span style=\"font-size: medium;\"><span lang=\"fr-FR\"><b>, <\/b><\/span><\/span><\/span><span style=\"color: #000000;\"><span style=\"font-size: medium;\"><span lang=\"fr-FR\">Commission des droits de la personne et des droits de la jeunesse Qu\u00e9bec <\/span><\/span><\/span><span style=\"color: #0e101a;\"><span style=\"font-size: medium;\"><span lang=\"fr-FR\"><i>(Human Rights Commission Qu\u00e9bec)<\/i><\/span><\/span><\/span><span style=\"color: #000000;\"><span style=\"font-size: medium;\"><span lang=\"fr-FR\">.<\/span><\/span><\/span><\/p>\n\n\n\n<p><span style=\"color: #000000;\"><span style=\"font-size: medium;\"><u><b>Group 1<\/b><\/u><\/span><\/span><\/p>\n\n\n\n<p><span style=\"color: #000000;\"><span style=\"font-size: medium;\"><b>5:15 PM &#8211; 5:45 PM<\/b><\/span><\/span><\/p>\n\n\n\n<p><span style=\"color: #0e101a;\"><span style=\"font-size: medium;\"><b>Lawyer Julius Grey<\/b><\/span><\/span><span style=\"color: #0e101a;\"><span style=\"font-size: medium;\">, Grey Casgrain Avocats&nbsp;<\/span><\/span><\/p>\n\n\n\n<p><span style=\"color: #0e101a;\"><span style=\"font-size: medium;\"><b>Respecting individual rights and freedoms <\/b><\/span><\/span><\/p>\n\n\n\n<p><span style=\"color: #0e101a;\"><span style=\"font-size: medium;\"><b>Lawyer Patrick Martin-M\u00e9nard<\/b><\/span><\/span><span style=\"color: #0e101a;\"><span style=\"font-size: medium;\">, M\u00e9nard, Martin, Avocats<\/span><\/span><\/p>\n\n\n\n<p><span style=\"color: #19192f;\"><span style=\"font-size: medium;\"><b>Promoting and respecting people&#8217;s health rights<\/b><\/span><\/span><\/p>\n\n\n\n<p class=\"has-black-color has-text-color has-link-color wp-elements-fa24ac8ea49db6bf7c7b7c910b87e0fd\"><strong>Lawyer Pierre-Luc Fr\u00e9chette<\/strong>, R\u00e9seau qu\u00e9b\u00e9cois des OSBL d&#8217;habitation<br><br><strong>The normative framework of housing policies and its impact on the inclusion of people with MCS and on indoor air quality in residential living environments.<\/strong><\/p>\n\n\n\n<p><span style=\"color: #000000;\"><span style=\"font-size: medium;\"><span lang=\"fr-FR\"><b>5:45 PM &#8211; 5:55 PM <\/b><\/span><\/span><\/span><span style=\"color: #0e101a;\"><span style=\"font-size: medium;\"><span lang=\"fr-FR\"><b>LIVED EXPERIENCE<\/b><\/span><\/span><\/span><\/p>\n\n\n\n<ul class=\"wp-block-list\">\n<li> <span style=\"font-size: revert;\"><span lang=\"en-US\">Pre-recorded video presentation from a speaker with lived experience<\/span><\/span><b style=\"font-size: revert; color: initial;\"> <\/b> <\/li>\n<\/ul>\n\n\n\n<p><span style=\"font-size: medium;\"><u><b>Group 2<\/b><\/u><\/span><b> <\/b><\/p>\n\n\n\n<p><span style=\"color: #000000;\"><span style=\"font-size: medium;\"><b>5:55 PM &#8211; 6:15 PM <\/b><\/span><\/span><span style=\"color: #0e101a;\"><span style=\"font-size: medium;\"><b>MEDICO-LEGAL ASPECTS OF MCS<\/b><\/span><\/span><\/p>\n\n\n\n<p><b>Dr. John Molot<\/b> &#8211; Environmental Health Clinic, Women&#8217;s College Hospital<\/p>\n\n\n\n<ul class=\"wp-block-list\">\n<li>Biological aspects<\/li>\n\n\n\n<li>Prevalence<\/li>\n\n\n\n<li>Type\/examples of appropriate accommodations<\/li>\n\n\n\n<li>Harm\/Effects of lack of accommodations<\/li>\n\n\n\n<li>Questions lawyers should ask to better understand client\u2019s accommodation needs<\/li>\n<\/ul>\n\n\n\n<p><span style=\"color: #000000;\"><span style=\"font-size: medium;\"><b>6:15 PM &#8211; 6:25 PM <\/b><\/span><\/span><span style=\"color: #0e101a;\"><span style=\"font-size: medium;\"><b>ACCOMMODATION MEASURES FOR PEOPLE WITH MCS<\/b><\/span><\/span><\/p>\n\n\n\n<p><span style=\"color: #0e101a;\"><span style=\"font-size: medium;\"><b>Michel Gaudet<\/b><\/span><\/span><span style=\"color: #0e101a;\"><span style=\"font-size: medium;\">, Executive Director, Environmental Health Associations of Qu\u00e9bec and Canada (EHAQ, EHAC)<\/span><\/span><\/p>\n\n\n\n<p><span style=\"color: #000000;\"><span style=\"font-size: medium;\"><b>6:25 PM &#8211; 6:35 PM<\/b><\/span><\/span><\/p>\n\n\n\n<p><span style=\"color: #0e101a;\"><span style=\"font-size: medium;\"><b>Lawyer Robert Lattanzio<\/b><\/span><\/span><span style=\"color: #0e101a;\"><span style=\"font-size: medium;\"> \u2013 Executive Director, ARCH Disability Law Centre<\/span><\/span><\/p>\n\n\n\n<ul class=\"wp-block-list\">\n<li> <span style=\"font-size: revert; color: rgb(14, 16, 26);\"><span lang=\"en-US\">Access to justice issues facing MCS communities drawn from ARCH<\/span><\/span><span style=\"font-size: revert; color: initial;\"> <\/span><span style=\"font-size: revert; color: rgb(14, 16, 26);\"><span lang=\"en-US\">Disability Law Centre\u2019s legal practice<\/span><\/span> <\/li>\n\n\n\n<li> <span style=\"color: rgb(14, 16, 26);\">The duty to accommodate in the delivery of legal services<\/span> <\/li>\n\n\n\n<li> <span style=\"color: rgb(14, 16, 26);\">Effective strategies for an accessible practice as it relates to MCS<\/span> <\/li>\n\n\n\n<li> <span style=\"color: rgb(14, 16, 26);\">About the ECRoB project (Empowering Community and Removal of Barriers)<\/span> <\/li>\n\n\n\n<li> <span style=\"font-size: revert;\"><span lang=\"en-US\">And the creation of a <b>legal advisory committee for the project ECRoB<\/b><\/span><\/span> <\/li>\n<\/ul>\n\n\n\n<p><span style=\"color: #000000;\"><span style=\"font-size: medium;\"><span lang=\"fr-FR\"><b>6:35 PM &#8211; 6:50 PM<\/b><\/span><\/span><\/span><\/p>\n\n\n\n<p><span style=\"color: #0e101a;\"><span style=\"font-size: medium;\"><span lang=\"fr-FR\"><b>S\u00e9bastien Otis, <\/b><\/span><\/span><\/span><span style=\"color: #0e101a;\"><span style=\"font-size: medium;\"><span lang=\"fr-FR\">Education and Cooperation Counselor, Commission des droits de la personne et des droits de la jeunesse Qu\u00e9bec<\/span><\/span><\/span><b> <\/b><span style=\"color: #0e101a;\"><span style=\"font-size: medium;\"><span lang=\"fr-FR\"><i>(Human Rights Commission Qu\u00e9bec)<\/i><\/span><\/span><\/span><\/p>\n\n\n\n<ul class=\"wp-block-list\">\n<li> <span style=\"font-size: revert;\"><span lang=\"en-US\">Qu\u00e9bec<\/span><\/span><span style=\"font-size: revert; color: rgb(14, 16, 26);\"><span lang=\"en-US\"> legal-specific rights for people who experience the disability of MCS<\/span><\/span> <\/li>\n<\/ul>\n\n\n\n<p><span style=\"color: #0e101a;\"><span style=\"font-size: medium;\">The right to equality and the resulting duty of reasonable accommodation for people with disabilities. Whether in the provision of services or in employment, organizations have a duty of reasonable accommodation, which requires them to assess requests for accommodation in accordance with certain principles and in the light of undue hardship criteria.<\/span><\/span><\/p>\n\n\n\n<p><span style=\"color: #000000;\"><span style=\"font-size: medium;\"><b>6:55 PM &#8211; 7:25 PM PANEL DISCUSSIONS <\/b><\/span><\/span><\/p>\n\n\n\n<p><span style=\"color: #000000;\"><span style=\"font-size: medium;\">The state of legal knowledge regarding MCS in Quebec.<\/span><\/span><\/p>\n\n\n\n<p><span style=\"color: #000000;\"><span style=\"font-size: medium;\"><span lang=\"fr-CA\"><b>Lawyer Philippe-Andr\u00e9 Tessier<\/b><\/span><\/span><\/span><span style=\"color: #000000;\"><span style=\"font-size: medium;\"><span lang=\"fr-CA\"> &#8211; President<\/span><\/span><\/span><span style=\"color: #000000;\"><span style=\"font-size: medium;\"><span lang=\"fr-FR\"><b>, <\/b><\/span><\/span><\/span><span style=\"color: #000000;\"><span style=\"font-size: medium;\"><span lang=\"fr-FR\">Commission des droits de la personne et des droits de la jeunesse Qu\u00e9bec <\/span><\/span><\/span><span style=\"color: #0e101a;\"><span style=\"font-size: medium;\"><span lang=\"fr-CA\"><i>(Human Rights Commission Qu\u00e9bec)<\/i><\/span><\/span><\/span><\/p>\n\n\n\n<p><span style=\"color: #000000;\"><span style=\"font-size: medium;\"><b>Lawyer Julius Grey, <\/b><\/span><\/span><span style=\"color: #000000;\"><span style=\"font-size: medium;\">Grey Casgrain Avocats<\/span><\/span><\/p>\n\n\n\n<p><span style=\"color: #000000;\"><span style=\"font-size: medium;\"><span lang=\"en-US\"><b>Lawyer Patrick Martin-<\/b><\/span><\/span><\/span><span style=\"font-size: medium;\"><span lang=\"en-US\"><b>M<\/b><\/span><\/span><span style=\"color: #000000;\"><span style=\"font-size: medium;\"><span lang=\"en-US\"><b>\u00e9<\/b><\/span><\/span><\/span><span style=\"font-size: medium;\"><span lang=\"en-US\"><b>nard<\/b><\/span><\/span><span style=\"color: #000000;\"><span style=\"font-size: medium;\"><b>, <\/b><\/span><\/span><span style=\"font-size: medium;\"><span lang=\"en-US\">M<\/span><\/span><span style=\"color: #000000;\"><span style=\"font-size: medium;\"><span lang=\"en-US\">\u00e9<\/span><\/span><\/span><span style=\"font-size: medium;\"><span lang=\"en-US\">nard, Martin, Avocats<\/span><\/span><\/p>\n\n\n\n<p class=\"has-black-color has-text-color has-link-color wp-elements-474cddd28a25d0aeede0ceaf273d2fca\"><strong>Lawyer Pierre-Luc Fr\u00e9chette<\/strong>, R\u00e9seau qu\u00e9b\u00e9cois des OSBL d&#8217;habitation<\/p>\n\n\n\n<p><span style=\"color: #0e101a;\"><span style=\"font-size: medium;\"><span lang=\"en-US\"><b>Lawyer Robert Lattanzio<\/b><\/span><\/span><\/span><span style=\"color: #0e101a;\"><span style=\"font-size: medium;\"><span lang=\"en-US\"> \u2013 Executive Director, ARCH Disability Law Centre<\/span><\/span><\/span><\/p>\n\n\n\n<p><span style=\"color: #0e101a;\"><span style=\"font-size: medium;\"><span lang=\"en-US\"><b>Dr. John Molot<\/b><\/span><\/span><\/span><span style=\"color: #0e101a;\"><span style=\"font-size: medium;\"><span lang=\"en-US\"> &#8211; Adjunct Professor, Faculty of Medicine, University of Ottawa<\/span><\/span><\/span><\/p>\n\n\n\n<p><span style=\"color: #0e101a;\"><span style=\"font-size: medium;\"><span lang=\"fr-FR\"><b>Andr\u00e9 Pr\u00e9vost<\/b><\/span><\/span><\/span><span style=\"color: #0e101a;\"><span style=\"font-size: medium;\"><span lang=\"fr-FR\">, <\/span><\/span><\/span><span style=\"color: #000000;\"><span style=\"font-size: medium;\"><span lang=\"fr-FR\">Strategic Counselor and <\/span><\/span><\/span><span style=\"color: #0e101a;\"><span style=\"font-size: medium;\"><span lang=\"fr-FR\">C<\/span><\/span><\/span><span style=\"color: #000000;\"><span style=\"font-size: medium;\"><span lang=\"fr-FR\">oordinator<\/span><\/span><\/span><span style=\"color: #0e101a;\"><span style=\"font-size: medium;\"><span lang=\"fr-FR\">, La Conf\u00e9d\u00e9ration des organismes de personnes handicap\u00e9es du Qu\u00e9bec (COPHAN)<\/span><\/span><\/span><\/p>\n\n\n\n<p><span style=\"color: #0e101a;\"><span style=\"font-size: medium;\"><span lang=\"en-US\"><b>Michel Gaudet<\/b>, Executive Director, Environmental Health Associations of Qu\u00e9bec and Canada (EAHQ, EHAC)<\/span><\/span><\/span><\/p>\n\n\n\n<p><span style=\"color: #000000;\"> <span style=\"font-size: medium;\"><b>7:25 PM &#8211; 7:30 PM CLOSING&nbsp;<\/b><\/span><\/span><\/p>\n\n\n\n<p><span style=\"color: #0e101a;\"><span style=\"font-size: medium;\"><span lang=\"fr-FR\"><b>Andr\u00e9 Pr\u00e9vost, <\/b><\/span><\/span><\/span><span style=\"color: #0e101a;\"><span style=\"font-size: medium;\"><span lang=\"fr-FR\">Strategic Counselor and Coordinator, La Conf\u00e9d\u00e9ration des organismes de personnes handicap\u00e9es du Qu\u00e9bec (COPHAN)<\/span><\/span><\/span><\/p>\n\n\n\n<p><span style=\"color: #0e101a;\"><span style=\"font-size: medium;\"><span lang=\"en-US\"><b>Michel Gaudet, <\/b><\/span><\/span><\/span><span style=\"color: #0e101a;\"><span style=\"font-size: medium;\"><span lang=\"en-US\">Executive Director, Environmental Health Associations of Qu\u00e9bec and Canada (EHAQ, EHAC)<\/span><\/span><\/span><\/p>\n","protected":false},"excerpt":{"rendered":"<p>ECRoB Project Legal Outreach for the Disability of MCS Training eligibility has been confirmed by the Qu\u00e9bec Bar (Barreau du Qu\u00e9bec) for the purposes of mandatory continuing education, for a duration of 2 \u00bd hours. DESCRIPTION AND AGENDA Workshop: Accessible justice and human rights for persons with Multiple Chemical Sensitivity (MCS) Date: February 29, 2024 Time: 5:00 PM \u2013 7:30 [&hellip;]<\/p>\n","protected":false},"author":15,"featured_media":0,"parent":0,"menu_order":0,"comment_status":"closed","ping_status":"closed","template":"","meta":{"footnotes":""},"class_list":["post-11239","page","type-page","status-publish","hentry"],"_links":{"self":[{"href":"https:\/\/aseq-ehaq.ca\/en\/wp-json\/wp\/v2\/pages\/11239","targetHints":{"allow":["GET"]}}],"collection":[{"href":"https:\/\/aseq-ehaq.ca\/en\/wp-json\/wp\/v2\/pages"}],"about":[{"href":"https:\/\/aseq-ehaq.ca\/en\/wp-json\/wp\/v2\/types\/page"}],"author":[{"embeddable":true,"href":"https:\/\/aseq-ehaq.ca\/en\/wp-json\/wp\/v2\/users\/15"}],"replies":[{"embeddable":true,"href":"https:\/\/aseq-ehaq.ca\/en\/wp-json\/wp\/v2\/comments?post=11239"}],"version-history":[{"count":0,"href":"https:\/\/aseq-ehaq.ca\/en\/wp-json\/wp\/v2\/pages\/11239\/revisions"}],"wp:attachment":[{"href":"https:\/\/aseq-ehaq.ca\/en\/wp-json\/wp\/v2\/media?parent=11239"}],"curies":[{"name":"wp","href":"https:\/\/api.w.org\/{rel}","templated":true}]}}